{"id":1507,"date":"2022-05-13T12:33:54","date_gmt":"2022-05-13T09:33:54","guid":{"rendered":"http:\/\/localhost\/sykli\/?page_id=1507"},"modified":"2025-05-23T11:10:42","modified_gmt":"2025-05-23T08:10:42","slug":"ohjeet-tyovoimakoulutuksiin-osallistuville","status":"publish","type":"page","link":"https:\/\/sykli.fi\/demo\/opiskelijalle\/ohjeet-tyovoimakoulutuksiin-osallistuville\/","title":{"rendered":"Ohjeet ty\u00f6voimakoulutuksiin osallistuville"},"content":{"rendered":"\r\n<section id=\"hero-block_14700c5bc618008bc2a753c9f2b365fb\" class=\"hero site-banner section-default default alignfull\">\r\n\r\n    <div class=\"site-banner-bg section-bg-image \" >\r\n\r\n        <img loading=\"lazy\" decoding=\"async\" width=\"1000\" height=\"667\" src=\"https:\/\/sykli.fi\/demo\/wp-content\/uploads\/2023\/04\/shutterstock_770131126-ohjeet-tyovoimakoulutus-os.jpg\" class=\"attachment-1536\u00d71536 size-1536\u00d71536\" alt=\"Kaksi opiskelijaa kirjoittamassa.\" srcset=\"https:\/\/sykli.fi\/demo\/wp-content\/uploads\/2023\/04\/shutterstock_770131126-ohjeet-tyovoimakoulutus-os.jpg 1000w, https:\/\/sykli.fi\/demo\/wp-content\/uploads\/2023\/04\/shutterstock_770131126-ohjeet-tyovoimakoulutus-os-300x200.jpg 300w, https:\/\/sykli.fi\/demo\/wp-content\/uploads\/2023\/04\/shutterstock_770131126-ohjeet-tyovoimakoulutus-os-768x512.jpg 768w\" sizes=\"auto, (max-width: 1000px) 100vw, 1000px\" \/>\r\n        \r\n        \r\n            <div class=\"site-banner-content container\">\r\n                <div class=\"row w-100\">\r\n                    <div class=\"col-md-12\">\r\n                        <div class=\"hero-text-overlay\">\r\n                                                                <h1 class=\"hero-title\">Ohjeet ty\u00f6voimakoulutuksiin osallistuville<\/h1>\r\n                            <div class=\"inner-content\">\r\n                            <div class=\"acf-innerblocks-container\"><\/div>\r\n                        <\/div>                        <\/div>\r\n                    <\/div>\r\n                <\/div>\r\n            <\/div>\r\n\r\n        <\/section>\n\n\n<p>Ty\u00f6voimakoulutuksen tavoitteena on opiskelijan ty\u00f6llistyminen tai v\u00e4hint\u00e4\u00e4n osaamisen lis\u00e4\u00e4minen ja ty\u00f6markkinavalmiuksien paraneminen sek\u00e4 yhteisty\u00f6yrityksen liiketoiminnan kehittyminen.<\/p>\n\n\n\n<h2 class=\"wp-block-heading\">Ty\u00f6voimakoulutuksen rakenne<\/h2>\n\n\n\n<p>Koulutus sis\u00e4lt\u00e4\u00e4 Syklin j\u00e4rjest\u00e4m\u00e4\u00e4 et\u00e4- tai l\u00e4hiopetusta sek\u00e4 ty\u00f6ss\u00e4oppimispaikassa tapahtuvaa oppimista.<\/p>\n\n\n\n<p>Ty\u00f6jakson aikana opiskelija toteuttaa yhteisty\u00f6organisaation ohjauksessa ennakkoon sovittuja teht\u00e4vi\u00e4 ja ty\u00f6kokonaisuuksia. Ty\u00f6ss\u00e4oppimispaikalla noudatetaan p\u00e4\u00e4s\u00e4\u00e4nt\u00f6isesti yrityksen normaalia p\u00e4ivitt\u00e4ist\u00e4 ja viikoittaista ty\u00f6aikaa.<\/p>\n\n\n\n<h2 class=\"wp-block-heading\">Toimijat<\/h2>\n\n\n\n<p><strong>Koulutuksen j\u00e4rjest\u00e4j\u00e4<\/strong> on Suomen ymp\u00e4rist\u00f6opisto SYKLI Oy. Opiskelua ja oppimista ohjaavat ty\u00f6ss\u00e4oppimispaikan nime\u00e4m\u00e4 mentori sek\u00e4 Syklist\u00e4 koulutuskoordinaattori, tutori ja kouluttajat.<\/p>\n\n\n\n<p><strong>Opiskelija<\/strong> osallistuu aktiivisesti koulutuksen l\u00e4hip\u00e4iviin, suorittaa oppimisteht\u00e4v\u00e4t aikataulun mukaisesti sek\u00e4 hoitaa sovitut teht\u00e4v\u00e4t ty\u00f6jaksolla. Itsen\u00e4inen opiskelu tukee osallistujan omaa oppimisprosessia.<\/p>\n\n\n\n<p><strong>Mentori<\/strong> on ty\u00f6ss\u00e4oppimispaikan m\u00e4\u00e4rittelem\u00e4 henkil\u00f6, jonka teht\u00e4v\u00e4n\u00e4 on opastaa opiskelijaa ty\u00f6jaksolla.<\/p>\n\n\n\n<p><strong>Koulutuskoordinaattori<\/strong> on Syklin koulutuksesta vastaava asiantuntija, joka vastaa koulutuksen toteutuksesta.<\/p>\n\n\n\n<p><strong>Tutori<\/strong> on Syklin puolelta koulutusta, ty\u00f6jaksoa ja opiskelijan urakehityst\u00e4 tukeva ohjaaja. Henkil\u00f6kohtaisia keskusteluja j\u00e4rjestet\u00e4\u00e4n useamman kerran koulutuksen aikana.<\/p>\n\n\n\n<h2 class=\"wp-block-heading\">Ty\u00f6ss\u00e4oppiminen<\/h2>\n\n\n\n<p>Ty\u00f6skentely yhteisty\u00f6organisaatiossa on keskeisess\u00e4 roolissa. Useissa koulutuksissa sovitaan kehitt\u00e4misty\u00f6 yhdess\u00e4 yhteisty\u00f6organisaation kanssa. P\u00e4\u00e4asia on, ett\u00e4 ty\u00f6jaksopaikalla tehd\u00e4\u00e4n sit\u00e4 ty\u00f6t\u00e4, mist\u00e4 koulutukseen osallistuja ja ty\u00f6ss\u00e4oppimispaikka yhdess\u00e4 sopivat.<\/p>\n\n\n\n<p>Opiskelija toimii yhteisty\u00f6organisaation normaalien k\u00e4yt\u00e4nt\u00f6jen mukaisesti, liittyen ty\u00f6njohtoon, valvontaan ja yrityksen tapaan toimia. Ty\u00f6jakson aikana syntyneet mahdolliset tekij\u00e4noikeudet ja yrityssalaisuudet kuuluvat ty\u00f6nantajalle.<\/p>\n\n\n\n<h2 class=\"wp-block-heading\">Opiskelu<\/h2>\n\n\n\n<p>Jokaisen opiskelijan kanssa toteutetaan joko HOKS (henkil\u00f6kohtainen osaamisen kehitt\u00e4missuunnitelma tutkintoon johtavissa koulutuksissa) tai HOPS (henkil\u00f6kohtainen opiskelusuunnitelma muissa koulutuksissa).<\/p>\n\n\n\n<p>Koko koulutuksen ajan opiskelijalla on l\u00e4sn\u00e4olovelvoite. Poissaoloista tulee sopia koulutuskoordinaattorin kanssa erikseen.<\/p>\n\n\n\n<p>Sykli toimittaa opiskelijalle todistuksen koulutuksen p\u00e4\u00e4ttyess\u00e4.<\/p>\n\n\n\n<h2 class=\"wp-block-heading\">Palautteet<\/h2>\n\n\n\n<p>Opiskelijoilta sek\u00e4 yhteisty\u00f6organisaatioilta pyydet\u00e4\u00e4n palautetta koulutuksen eri vaiheissa. Palautetta voi my\u00f6s antaa milloin vain koulutuksen aikana.<\/p>\n\n\n\n<h2 class=\"wp-block-heading\">Ty\u00f6llistymisest\u00e4 ja ty\u00f6nhausta<\/h2>\n\n\n\n<ul class=\"wp-block-list\">\n<li>Suuri osa ty\u00f6voimakoulutuksista p\u00e4\u00e4ttyy ty\u00f6llistymiseen<\/li>\n\n\n\n<li>Opiskelijalla on oikeus hakea palkkat\u00f6it\u00e4 koulutuksen aikana<\/li>\n\n\n\n<li>Jos opiskelijan ty\u00f6llistymisest\u00e4 ei ole varmuutta noin 6 viikkoa ennen koulutuksen p\u00e4\u00e4ttymist\u00e4, saattaa TE-toimisto kutsua opiskelijan haastatteluun ja velvoittaa opiskelijaa hakemaan muita ty\u00f6paikkoja.<\/li>\n<\/ul>\n\n\n\n<p><strong>Ty\u00f6v\u00e4lineet ja vakuutukset<\/strong><br>Ty\u00f6voimakoulutus on opiskelijalle ilmaista. Ty\u00f6ss\u00e4oppimispaikka tarjoaa tavallisesti ty\u00f6ss\u00e4oppimisen edellytt\u00e4m\u00e4t v\u00e4lineet (tietokone, puhelin, turvakeng\u00e4t ja -vaatetus jne.) ja vastaa ty\u00f6ss\u00e4oppimisen edellytt\u00e4mien matkojen kustannuksista. Koska opiskelija ei ole ty\u00f6suhteessa, opiskelija kuuluu julkisen terveydenhuollon piiriin.<\/p>\n\n\n\n<p>Syklin vastuuvakuutus kattaa ty\u00f6voimapalveluiden luvalla opiskelevien opiskelijoiden ty\u00f6ss\u00e4oppimisen. Ty\u00f6ss\u00e4oppimispaikalla on kuitenkin vastuu opiskelijan mahdollisista ty\u00f6ss\u00e4 aiheuttamista vahingoista, sill\u00e4 opiskelija toimii heid\u00e4n ty\u00f6njohtonsa ja valvonnan alaisuudessa. Ty\u00f6turvallisuuden tulee olla osa opiskelijan perehdytysohjelmaa.<\/p>\n\n\n<h2>Kysy lis\u00e4\u00e4<\/h2>\r\n<div class=\"row\">\r\n                                            <div class=\"col-md-6\">\r\n                    <div class=\"staff-box\">\r\n                        <div class=\"row\">\r\n                            <div class=\"col-4\">\r\n                                <img loading=\"lazy\" decoding=\"async\" width=\"1280\" height=\"1920\" src=\"https:\/\/sykli.fi\/demo\/wp-content\/uploads\/2022\/09\/tom-ylonen-kuva-002-nttiin-scaled-1.jpg\" class=\"attachment-post-thumbnail size-post-thumbnail wp-post-image\" alt=\"\" srcset=\"https:\/\/sykli.fi\/demo\/wp-content\/uploads\/2022\/09\/tom-ylonen-kuva-002-nttiin-scaled-1.jpg 1280w, https:\/\/sykli.fi\/demo\/wp-content\/uploads\/2022\/09\/tom-ylonen-kuva-002-nttiin-scaled-1-200x300.jpg 200w, https:\/\/sykli.fi\/demo\/wp-content\/uploads\/2022\/09\/tom-ylonen-kuva-002-nttiin-scaled-1-683x1024.jpg 683w, https:\/\/sykli.fi\/demo\/wp-content\/uploads\/2022\/09\/tom-ylonen-kuva-002-nttiin-scaled-1-768x1152.jpg 768w, https:\/\/sykli.fi\/demo\/wp-content\/uploads\/2022\/09\/tom-ylonen-kuva-002-nttiin-scaled-1-1024x1536.jpg 1024w\" sizes=\"auto, (max-width: 1280px) 100vw, 1280px\" \/>                            <\/div>\r\n                            <div class=\"col-8\">\r\n                                <h3>Tom Yl\u00f6nen<\/h3>\r\n                                Asiantuntija, ty\u00f6el\u00e4m\u00e4palvelut                                <ul>\r\n                                    <li><svg xmlns=\"http:\/\/www.w3.org\/2000\/svg\" width=\"16\" height=\"16\" fill=\"currentColor\" class=\"bi bi-telephone-fill\" viewBox=\"0 0 16 16\">\r\n                                <path fill-rule=\"evenodd\" d=\"M1.885.511a1.745 1.745 0 0 1 2.61.163L6.29 2.98c.329.423.445.974.315 1.494l-.547 2.19a.678.678 0 0 0 .178.643l2.457 2.457a.678.678 0 0 0 .644.178l2.189-.547a1.745 1.745 0 0 1 1.494.315l2.306 1.794c.829.645.905 1.87.163 2.611l-1.034 1.034c-.74.74-1.846 1.065-2.877.702a18.634 18.634 0 0 1-7.01-4.42 18.634 18.634 0 0 1-4.42-7.009c-.362-1.03-.037-2.137.703-2.877L1.885.511z\"\/>\r\n                              <\/svg> <a href=\"tel:+358447225933\">044 722 5933<\/a><\/li><li><svg xmlns=\"http:\/\/www.w3.org\/2000\/svg\" width=\"16\" height=\"16\" fill=\"currentColor\" class=\"bi bi-envelope-fill\" viewBox=\"0 0 16 16\">\r\n                                <path d=\"M.05 3.555A2 2 0 0 1 2 2h12a2 2 0 0 1 1.95 1.555L8 8.414.05 3.555ZM0 4.697v7.104l5.803-3.558L0 4.697ZM6.761 8.83l-6.57 4.027A2 2 0 0 0 2 14h12a2 2 0 0 0 1.808-1.144l-6.57-4.027L8 9.586l-1.239-.757Zm3.436-.586L16 11.801V4.697l-5.803 3.546Z\"\/>\r\n                              <\/svg> <a href=\"mailto:tom.ylonen@sykli.fi\">tom.ylonen@sykli.fi<\/a><\/li>                                <\/ul>\r\n                            <\/div>\r\n                        <\/div>\r\n                    <\/div>\r\n                <\/div>\r\n                                <div class=\"col-md-6\">\r\n                    <div class=\"staff-box\">\r\n                        <div class=\"row\">\r\n                            <div class=\"col-4\">\r\n                                <img loading=\"lazy\" decoding=\"async\" width=\"1280\" height=\"1920\" src=\"https:\/\/sykli.fi\/demo\/wp-content\/uploads\/2022\/09\/saarnia-1-2.jpg\" class=\"attachment-post-thumbnail size-post-thumbnail wp-post-image\" alt=\"\" srcset=\"https:\/\/sykli.fi\/demo\/wp-content\/uploads\/2022\/09\/saarnia-1-2.jpg 1280w, https:\/\/sykli.fi\/demo\/wp-content\/uploads\/2022\/09\/saarnia-1-2-200x300.jpg 200w, https:\/\/sykli.fi\/demo\/wp-content\/uploads\/2022\/09\/saarnia-1-2-683x1024.jpg 683w, https:\/\/sykli.fi\/demo\/wp-content\/uploads\/2022\/09\/saarnia-1-2-768x1152.jpg 768w, https:\/\/sykli.fi\/demo\/wp-content\/uploads\/2022\/09\/saarnia-1-2-1024x1536.jpg 1024w\" sizes=\"auto, (max-width: 1280px) 100vw, 1280px\" \/>                            <\/div>\r\n                            <div class=\"col-8\">\r\n                                <h3>Jane Saarnia<\/h3>\r\n                                Johtaja, ratkaisut ja kumppanuudet                                <ul>\r\n                                    <li><svg xmlns=\"http:\/\/www.w3.org\/2000\/svg\" width=\"16\" height=\"16\" fill=\"currentColor\" class=\"bi bi-telephone-fill\" viewBox=\"0 0 16 16\">\r\n                                <path fill-rule=\"evenodd\" d=\"M1.885.511a1.745 1.745 0 0 1 2.61.163L6.29 2.98c.329.423.445.974.315 1.494l-.547 2.19a.678.678 0 0 0 .178.643l2.457 2.457a.678.678 0 0 0 .644.178l2.189-.547a1.745 1.745 0 0 1 1.494.315l2.306 1.794c.829.645.905 1.87.163 2.611l-1.034 1.034c-.74.74-1.846 1.065-2.877.702a18.634 18.634 0 0 1-7.01-4.42 18.634 18.634 0 0 1-4.42-7.009c-.362-1.03-.037-2.137.703-2.877L1.885.511z\"\/>\r\n                              <\/svg> <a href=\"tel:+358400678705\">0400 678 705<\/a><\/li><li><svg xmlns=\"http:\/\/www.w3.org\/2000\/svg\" width=\"16\" height=\"16\" fill=\"currentColor\" class=\"bi bi-envelope-fill\" viewBox=\"0 0 16 16\">\r\n                                <path d=\"M.05 3.555A2 2 0 0 1 2 2h12a2 2 0 0 1 1.95 1.555L8 8.414.05 3.555ZM0 4.697v7.104l5.803-3.558L0 4.697ZM6.761 8.83l-6.57 4.027A2 2 0 0 0 2 14h12a2 2 0 0 0 1.808-1.144l-6.57-4.027L8 9.586l-1.239-.757Zm3.436-.586L16 11.801V4.697l-5.803 3.546Z\"\/>\r\n                              <\/svg> <a href=\"mailto:jane.saarnia@sykli.fi\">jane.saarnia@sykli.fi<\/a><\/li>                                <\/ul>\r\n                            <\/div>\r\n                        <\/div>\r\n                    <\/div>\r\n                <\/div>\r\n                                <div class=\"col-md-6\">\r\n                    <div class=\"staff-box\">\r\n                        <div class=\"row\">\r\n                            <div class=\"col-4\">\r\n                                <img loading=\"lazy\" decoding=\"async\" width=\"150\" height=\"250\" src=\"https:\/\/sykli.fi\/demo\/wp-content\/uploads\/2022\/09\/terhi-liettila-2019-nettisivuille-mv.jpg\" class=\"attachment-post-thumbnail size-post-thumbnail wp-post-image\" alt=\"\" \/>                            <\/div>\r\n                            <div class=\"col-8\">\r\n                                <h3>Terhi Liettil\u00e4<\/h3>\r\n                                Asiantuntija, ratkaisut ja kumppanuudet                                <ul>\r\n                                    <li><svg xmlns=\"http:\/\/www.w3.org\/2000\/svg\" width=\"16\" height=\"16\" fill=\"currentColor\" class=\"bi bi-telephone-fill\" viewBox=\"0 0 16 16\">\r\n                                <path fill-rule=\"evenodd\" d=\"M1.885.511a1.745 1.745 0 0 1 2.61.163L6.29 2.98c.329.423.445.974.315 1.494l-.547 2.19a.678.678 0 0 0 .178.643l2.457 2.457a.678.678 0 0 0 .644.178l2.189-.547a1.745 1.745 0 0 1 1.494.315l2.306 1.794c.829.645.905 1.87.163 2.611l-1.034 1.034c-.74.74-1.846 1.065-2.877.702a18.634 18.634 0 0 1-7.01-4.42 18.634 18.634 0 0 1-4.42-7.009c-.362-1.03-.037-2.137.703-2.877L1.885.511z\"\/>\r\n                              <\/svg> <a href=\"tel:+358469227696\">046 922 7696<\/a><\/li><li><svg xmlns=\"http:\/\/www.w3.org\/2000\/svg\" width=\"16\" height=\"16\" fill=\"currentColor\" class=\"bi bi-envelope-fill\" viewBox=\"0 0 16 16\">\r\n                                <path d=\"M.05 3.555A2 2 0 0 1 2 2h12a2 2 0 0 1 1.95 1.555L8 8.414.05 3.555ZM0 4.697v7.104l5.803-3.558L0 4.697ZM6.761 8.83l-6.57 4.027A2 2 0 0 0 2 14h12a2 2 0 0 0 1.808-1.144l-6.57-4.027L8 9.586l-1.239-.757Zm3.436-.586L16 11.801V4.697l-5.803 3.546Z\"\/>\r\n                              <\/svg> <a href=\"mailto:terhi.liettila@sykli.fi\">terhi.liettila@sykli.fi<\/a><\/li>                                <\/ul>\r\n                            <\/div>\r\n                        <\/div>\r\n                    <\/div>\r\n                <\/div>\r\n                                <div class=\"col-md-6\">\r\n                    <div class=\"staff-box\">\r\n                        <div class=\"row\">\r\n                            <div class=\"col-4\">\r\n                                <img loading=\"lazy\" decoding=\"async\" width=\"150\" height=\"250\" src=\"https:\/\/sykli.fi\/demo\/wp-content\/uploads\/2022\/09\/hannele-hakala-mv.jpg\" class=\"attachment-post-thumbnail size-post-thumbnail wp-post-image\" alt=\"\" \/>                            <\/div>\r\n                            <div class=\"col-8\">\r\n                                <h3>Hannele Hakala<\/h3>\r\n                                Koulutusvastaava                                <ul>\r\n                                    <li><svg xmlns=\"http:\/\/www.w3.org\/2000\/svg\" width=\"16\" height=\"16\" fill=\"currentColor\" class=\"bi bi-telephone-fill\" viewBox=\"0 0 16 16\">\r\n                                <path fill-rule=\"evenodd\" d=\"M1.885.511a1.745 1.745 0 0 1 2.61.163L6.29 2.98c.329.423.445.974.315 1.494l-.547 2.19a.678.678 0 0 0 .178.643l2.457 2.457a.678.678 0 0 0 .644.178l2.189-.547a1.745 1.745 0 0 1 1.494.315l2.306 1.794c.829.645.905 1.87.163 2.611l-1.034 1.034c-.74.74-1.846 1.065-2.877.702a18.634 18.634 0 0 1-7.01-4.42 18.634 18.634 0 0 1-4.42-7.009c-.362-1.03-.037-2.137.703-2.877L1.885.511z\"\/>\r\n                              <\/svg> <a href=\"tel:+358505361979\">050 536 1979<\/a><\/li><li><svg xmlns=\"http:\/\/www.w3.org\/2000\/svg\" width=\"16\" height=\"16\" fill=\"currentColor\" class=\"bi bi-envelope-fill\" viewBox=\"0 0 16 16\">\r\n                                <path d=\"M.05 3.555A2 2 0 0 1 2 2h12a2 2 0 0 1 1.95 1.555L8 8.414.05 3.555ZM0 4.697v7.104l5.803-3.558L0 4.697ZM6.761 8.83l-6.57 4.027A2 2 0 0 0 2 14h12a2 2 0 0 0 1.808-1.144l-6.57-4.027L8 9.586l-1.239-.757Zm3.436-.586L16 11.801V4.697l-5.803 3.546Z\"\/>\r\n                              <\/svg> <a href=\"mailto:hannele.hakala@sykli.fi\">hannele.hakala@sykli.fi<\/a><\/li>                                <\/ul>\r\n                            <\/div>\r\n                        <\/div>\r\n                    <\/div>\r\n                <\/div>\r\n    <\/div>\n\n<h2><\/h2>\r\n<div class=\"row\">\r\n    <\/div>","protected":false},"excerpt":{"rendered":"<p>Ty\u00f6voimakoulutuksen tavoitteena on opiskelijan ty\u00f6llistyminen tai v\u00e4hint\u00e4\u00e4n osaamisen lis\u00e4\u00e4minen ja ty\u00f6markkinavalmiuksien paraneminen sek\u00e4 yhteisty\u00f6yrityksen liiketoiminnan kehittyminen. Ty\u00f6voimakoulutuksen rakenne Koulutus sis\u00e4lt\u00e4\u00e4 [&hellip;]<\/p>\n","protected":false},"author":1,"featured_media":63705,"parent":39,"menu_order":3,"comment_status":"closed","ping_status":"closed","template":"","meta":{"_acf_changed":false,"footnotes":""},"class_list":["post-1507","page","type-page","status-publish","has-post-thumbnail","hentry"],"acf":[],"_links":{"self":[{"href":"https:\/\/sykli.fi\/demo\/wp-json\/wp\/v2\/pages\/1507","targetHints":{"allow":["GET"]}}],"collection":[{"href":"https:\/\/sykli.fi\/demo\/wp-json\/wp\/v2\/pages"}],"about":[{"href":"https:\/\/sykli.fi\/demo\/wp-json\/wp\/v2\/types\/page"}],"author":[{"embeddable":true,"href":"https:\/\/sykli.fi\/demo\/wp-json\/wp\/v2\/users\/1"}],"replies":[{"embeddable":true,"href":"https:\/\/sykli.fi\/demo\/wp-json\/wp\/v2\/comments?post=1507"}],"version-history":[{"count":9,"href":"https:\/\/sykli.fi\/demo\/wp-json\/wp\/v2\/pages\/1507\/revisions"}],"predecessor-version":[{"id":71680,"href":"https:\/\/sykli.fi\/demo\/wp-json\/wp\/v2\/pages\/1507\/revisions\/71680"}],"up":[{"embeddable":true,"href":"https:\/\/sykli.fi\/demo\/wp-json\/wp\/v2\/pages\/39"}],"wp:featuredmedia":[{"embeddable":true,"href":"https:\/\/sykli.fi\/demo\/wp-json\/wp\/v2\/media\/63705"}],"wp:attachment":[{"href":"https:\/\/sykli.fi\/demo\/wp-json\/wp\/v2\/media?parent=1507"}],"curies":[{"name":"wp","href":"https:\/\/api.w.org\/{rel}","templated":true}]}}