{"id":1211,"date":"2022-05-09T14:33:54","date_gmt":"2022-05-09T11:33:54","guid":{"rendered":"http:\/\/localhost\/sykli\/?page_id=1211"},"modified":"2023-05-12T13:46:41","modified_gmt":"2023-05-12T10:46:41","slug":"koulutuskalenteri","status":"publish","type":"page","link":"https:\/\/sykli.fi\/demo\/koulutuskalenteri\/","title":{"rendered":"Koulutuskalenteri"},"content":{"rendered":"\n<p>Ty\u00f6tt\u00f6mille ja ty\u00f6tt\u00f6myysuhan alaisille suunnatut ty\u00f6voimakoulutukset l\u00f6ytyv\u00e4t <a href=\"https:\/\/sykli.fi\/demo\/\/hakijalle\/haku-tyovoimakoulutuksiin\/\" data-type=\"URL\" data-id=\"https:\/\/sykli.fi\/demo\/\/hakijalle\/haku-tyovoimakoulutuksiin\/\" target=\"_blank\" rel=\"noreferrer noopener\">t\u00e4\u00e4lt\u00e4.<\/a><\/p>\n","protected":false},"excerpt":{"rendered":"<p>Ty\u00f6tt\u00f6mille ja ty\u00f6tt\u00f6myysuhan alaisille suunnatut ty\u00f6voimakoulutukset l\u00f6ytyv\u00e4t t\u00e4\u00e4lt\u00e4.<\/p>\n","protected":false},"author":1,"featured_media":0,"parent":0,"menu_order":95,"comment_status":"closed","ping_status":"closed","template":"","meta":{"_acf_changed":false,"footnotes":""},"class_list":["post-1211","page","type-page","status-publish","hentry"],"acf":[],"_links":{"self":[{"href":"https:\/\/sykli.fi\/demo\/wp-json\/wp\/v2\/pages\/1211","targetHints":{"allow":["GET"]}}],"collection":[{"href":"https:\/\/sykli.fi\/demo\/wp-json\/wp\/v2\/pages"}],"about":[{"href":"https:\/\/sykli.fi\/demo\/wp-json\/wp\/v2\/types\/page"}],"author":[{"embeddable":true,"href":"https:\/\/sykli.fi\/demo\/wp-json\/wp\/v2\/users\/1"}],"replies":[{"embeddable":true,"href":"https:\/\/sykli.fi\/demo\/wp-json\/wp\/v2\/comments?post=1211"}],"version-history":[{"count":0,"href":"https:\/\/sykli.fi\/demo\/wp-json\/wp\/v2\/pages\/1211\/revisions"}],"wp:attachment":[{"href":"https:\/\/sykli.fi\/demo\/wp-json\/wp\/v2\/media?parent=1211"}],"curies":[{"name":"wp","href":"https:\/\/api.w.org\/{rel}","templated":true}]}}