{"id":10131,"date":"2022-05-31T15:31:20","date_gmt":"2022-05-31T12:31:20","guid":{"rendered":"http:\/\/localhost\/sykli\/?page_id=10131"},"modified":"2025-11-11T14:40:30","modified_gmt":"2025-11-11T12:40:30","slug":"tietosuoja","status":"publish","type":"page","link":"https:\/\/sykli.fi\/demo\/yhteys\/tietosuoja\/","title":{"rendered":"Tietosuoja"},"content":{"rendered":"\n<h3 class=\"wp-block-heading\">Rekisterinpit\u00e4j\u00e4<\/h3>\n\n\n\n<p>Suomen ymp\u00e4rist\u00f6opisto SYKLI Oy<br>Y-tunnus: 0681365-1<\/p>\n\n\n\n<p>SYKLI Helsinki<br>Esterinportti 1, 3. krs.<br>00240 Helsinki<\/p>\n\n\n\n<p>SYKLI Riihim\u00e4ki<br>Kaartokatu 2<br>11100 Riihim\u00e4ki<br>(samoissa tiloissa kuin HAMK)<\/p>\n\n\n\n<p>Suomen ymp\u00e4rist\u00f6opisto SYKLI Oy:ss\u00e4 noudatetaan&nbsp;<strong>EU:n yleisen tietosuoja-asetuksen (2016\/679 EU)<\/strong>&nbsp;ja siihen liittyvien lakien ja muiden s\u00e4\u00e4d\u00f6sten vaatimuksia. Tietosuojasta huolehtiminen on osa Suomen ymp\u00e4rist\u00f6opisto SYKLI Oy:n vastuullista toimintaa ja riskienhallintaa. N\u00e4m\u00e4 toimintaperiaatteet ohjaavat toimintamme yleisell\u00e4 tasolla, kuinka toteutamme tietosuojaa. Toiminnallamme pyrimme varmistamaan opiskelijoidemme, henkil\u00f6kuntamme ja asiakkaidemme oikeuksien toteutumisen, tietojen turvaamisen niin tietosuoja-asetusten kuin muiden s\u00e4\u00e4nn\u00f6sten kannalta. Tietosuojaa toteutettaessa kiinnit\u00e4mme erityist\u00e4 huomiota tietoturvaan sek\u00e4 siihen, ettei asiattomilla ole p\u00e4\u00e4sy\u00e4 henkil\u00f6tietoihin ja ettei tietoja k\u00e4ytett\u00e4isi v\u00e4\u00e4rin. Tarkempaa tietoa l\u00f6ytyy Suomen ymp\u00e4rist\u00f6opisto SYKLI Oy:n julkaisemista rekisteriselosteista.<\/p>\n\n\n\n<h3 class=\"wp-block-heading\">Rekisteriselosteet<\/h3>\n\n\n\n<p>Suomen ymp\u00e4rist\u00f6opisto SYKLI Oy yll\u00e4pit\u00e4\u00e4 lain ja asetusten vaatimaa selostetta vastuullaan olevista k\u00e4sittelytoimista. Seloste k\u00e4sittelytoimista on organisaation sis\u00e4inen asiakirja.<\/p>\n\n\n\n<ul class=\"wp-block-list\">\n<li><a href=\"https:\/\/sykli.fi\/demo\/wp-content\/uploads\/2023\/08\/syklin-rekisteriseloste-eventilla.pdf\" target=\"_blank\" rel=\"noreferrer noopener\">Rekisteriseloste Eventilla<\/a><\/li>\n\n\n\n<li><a href=\"https:\/\/sykli.fi\/demo\/wp-content\/uploads\/2024\/11\/Syklin-rekisteriseloste-Fennoa.pdf\" target=\"_blank\" rel=\"noreferrer noopener\">Rekisteriseloste Fennoa<\/a><\/li>\n\n\n\n<li><a href=\"https:\/\/sykli.fi\/demo\/wp-content\/uploads\/2025\/11\/Syklin-rekisteriseloste-Kadenjalki.pdf\" target=\"_blank\" rel=\"noreferrer noopener\">Rekisteriseloste K\u00e4denj\u00e4lki<\/a><\/li>\n\n\n\n<li><a href=\"https:\/\/sykli.fi\/demo\/wp-content\/uploads\/2023\/08\/syklin-rekisteriseloste-laura.pdf\" target=\"_blank\" rel=\"noreferrer noopener\">Rekisteriseloste Laura<\/a><\/li>\n\n\n\n<li><a href=\"https:\/\/sykli.fi\/demo\/wp-content\/uploads\/2023\/08\/syklin-rekisteriseloste-lianamailer.pdf\" target=\"_blank\" rel=\"noreferrer noopener\">Rekisteriseloste LianaMailer<\/a><\/li>\n\n\n\n<li><a href=\"https:\/\/sykli.fi\/demo\/wp-content\/uploads\/2023\/08\/syklin-rekisteriseloste-moodle.pdf\" target=\"_blank\" rel=\"noreferrer noopener\">Rekisteriseloste Moodle<\/a><\/li>\n\n\n\n<li><a href=\"https:\/\/sykli.fi\/demo\/wp-content\/uploads\/2024\/08\/Syklin-rekisteriseloste-Profinder.pdf\" target=\"_blank\" rel=\"noreferrer noopener\">Rekisteriseloste Profind<\/a><a href=\"https:\/\/sykli.fi\/demo\/wp-content\/uploads\/2025\/02\/Syklin-rekisteriseloste-Profinder.pdf\" target=\"_blank\" rel=\"noreferrer noopener\">er<\/a><\/li>\n\n\n\n<li><a href=\"https:\/\/sykli.fi\/demo\/wp-content\/uploads\/2023\/08\/syklin-rekisteriseloste-sharepoint.pdf\" target=\"_blank\" rel=\"noreferrer noopener\">Rekisteriseloste Sharepoint<\/a><\/li>\n\n\n\n<li><a href=\"https:\/\/sykli.fi\/demo\/wp-content\/uploads\/2023\/08\/syklin-rekisteriseloste-visma-inschool-primus.pdf\">Rekisteriseloste Visma InSchool P<\/a><a href=\"https:\/\/sykli.fi\/demo\/wp-content\/uploads\/2023\/08\/syklin-rekisteriseloste-visma-inschool-primus.pdf\" target=\"_blank\" rel=\"noreferrer noopener\">rimus<\/a><\/li>\n\n\n\n<li><a href=\"https:\/\/sykli.fi\/demo\/wp-content\/uploads\/2023\/08\/syklin-rekisteriseloste-webropol.pdf\" target=\"_blank\" rel=\"noreferrer noopener\">Rekisteriseloste Webropol<\/a><\/li>\n<\/ul>\n\n\n\n<h3 class=\"wp-block-heading\">Viestint\u00e4<\/h3>\n\n\n\n<p>Rekisterinpit\u00e4j\u00e4 on Suomen ymp\u00e4rist\u00f6opisto SYKLI Oy, jonka k\u00e4ytt\u00f6tarkoitusta varten henkil\u00f6tiedot on ker\u00e4tty. Rekister\u00f6idyille tarjotaan laissa tarkoitettu tai muuten tarpeellinen informaatio henkil\u00f6tietojen k\u00e4sittelyst\u00e4 tietoja ker\u00e4tt\u00e4ess\u00e4 sek\u00e4 mahdollisuuksien mukaan my\u00f6s muulla tavoin, esim. verkkosivuillamme.<\/p>\n\n\n\n<p>T\u00e4m\u00e4n lis\u00e4ksi Suomen ymp\u00e4rist\u00f6opisto SYKLI Oy:ss\u00e4 annetaan tarvittaessa sis\u00e4isi\u00e4 ohjeita tietosuoja-asioista.<\/p>\n\n\n\n<h3 class=\"wp-block-heading\">Tietojen hankinta ja k\u00e4sittely<\/h3>\n\n\n\n<p>Henkil\u00f6tietojen rekister\u00f6inti perustuu henkil\u00f6n suostumukseen tai laissa m\u00e4\u00e4riteltyyn muuhun perusteeseen. Henkil\u00f6tietoja k\u00e4sitell\u00e4\u00e4n vain perustellun k\u00e4ytt\u00f6tarkoituksen johdosta ja vain siin\u00e4 m\u00e4\u00e4rin ja niin kauan, kun se on k\u00e4ytt\u00f6tarkoituksen kannalta tarpeellista. Tietojen k\u00e4ytt\u00f6 kuvataan rekisteriselosteissa, jotka ovat l\u00f6ydett\u00e4viss\u00e4 sykli.fi osoitteesta. K\u00e4ytett\u00e4vien tietojen oikeellisuus pyrit\u00e4\u00e4n varmistamaan ja tietoja p\u00e4ivitet\u00e4\u00e4n henkil\u00f6lt\u00e4 itselt\u00e4\u00e4n tai luotettavista l\u00e4hteist\u00e4. Kun tiedot eiv\u00e4t en\u00e4\u00e4 ole k\u00e4ytt\u00f6tarkoituksensa vuoksi tarpeellisia, tiedot tuhotaan asianmukaisesti.<\/p>\n\n\n\n<p>Tietosuoja on huomioitu yhteisty\u00f6kumppaneiden ja palveluntarjoajien v\u00e4lisiss\u00e4 sopimuksissa. Suomen ymp\u00e4rist\u00f6opisto SYKLI Oy huolehtii oman henkil\u00f6st\u00f6ns\u00e4 kouluttamisesta tietosuoja-asetuksen vaatimiin m\u00e4\u00e4r\u00e4yksiin. Suomen ymp\u00e4rist\u00f6opisto SYKLI Oy:n tietosuojavastaava avustaa tietosuoja-asetukseen liittyviss\u00e4 kysymyksiss\u00e4.<\/p>\n\n\n\n<p>Tietoja k\u00e4ytet\u00e4\u00e4n niit\u00e4 ker\u00e4tt\u00e4ess\u00e4 kuvattuihin tarkoituksiin lains\u00e4\u00e4d\u00e4nn\u00f6n kulloinkin sallimissa rajoissa. Tietoja luovutetaan vain nimenomaisesti kerrotulla tai laissa mainitulla perusteella ja nimenomaisesti kerrotuille tai laissa mainituille luovutuksen saajille. Joitakin henkil\u00f6tietoja s\u00e4ilytet\u00e4\u00e4n EU:ssa, rekisterinpit\u00e4j\u00e4n sijaintivaltion (Suomi) ulkopuolella. Tietosuoja-asetuksessa kuvattua henkil\u00f6tietojen siirtoa EU:n ulkopuolelle ei tapahdu.<\/p>\n\n\n\n<h3 class=\"wp-block-heading\">Rekister\u00f6idyn oikeudet<\/h3>\n\n\n\n<p>Rekister\u00f6idyll\u00e4 on oikeus pyyt\u00e4\u00e4 rekisterinpit\u00e4j\u00e4lt\u00e4 p\u00e4\u00e4sy h\u00e4nt\u00e4 itse\u00e4\u00e4n koskeviin henkil\u00f6tietoihin sek\u00e4 oikeus pyyt\u00e4\u00e4 kyseisten tietojen oikaisemista tai poistamista taikka k\u00e4sittelyn rajoittamista ja vastustaa k\u00e4sittely\u00e4. Poistamisoikeus ei ulotu henkil\u00f6tietoihin, joita Suomen ymp\u00e4rist\u00f6opisto SYKLI Oy k\u00e4sittelee lakis\u00e4\u00e4teisen teht\u00e4v\u00e4n perusteella, yleisen edun vuoksi, tai joihin on muu s\u00e4ilytt\u00e4misvelvoite.<\/p>\n\n\n\n<h3 class=\"wp-block-heading\">Vastuut<\/h3>\n\n\n\n<p>Suomen ymp\u00e4rist\u00f6opisto SYKLI Oy valvoo tietosuojalains\u00e4\u00e4d\u00e4nn\u00f6n noudattamista toiminnassaan suorittamalla sis\u00e4ist\u00e4 valvontaa, opastusta ja ohjausta. Suomen ymp\u00e4rist\u00f6opisto SYKLI Oy tuottaa ohjeet tarvittavien teknisten ja organisatoristen toimenpiteiden t\u00e4ytt\u00e4miseksi eri toiminnoissa.<br>Jokaisella henkil\u00f6kuntaan kuuluvalla on vastuu tietosuojan toteutumisesta omassa teht\u00e4v\u00e4ss\u00e4\u00e4n ja omalta osaltaan.<\/p>\n\n\n\n<h3 class=\"wp-block-heading\">Tietosuojaa valvova viranomainen<\/h3>\n\n\n\n<p>Tietosuojavaltuutettu on viranomainen, joka ohjaa, neuvoo ja valvoo henkil\u00f6tietojen k\u00e4sittely\u00e4 henkil\u00f6tietolain mukaisesti. Tietosuojavaltuutettu k\u00e4ytt\u00e4\u00e4 p\u00e4\u00e4t\u00f6svaltaa tarkastusoikeuden toteuttamista ja tiedon korjaamista koskevissa asioissa sek\u00e4 antaa ratkaisuja rekisterinpidon lainmukaisuudesta ja rekister\u00f6ityjen oikeuksien toteutumisesta.<\/p>\n\n\n\n<p><strong>Lis\u00e4tiedot<\/strong><br>Suomen ymp\u00e4rist\u00f6opisto SYKLI Oy<br>Jari Heiskanen, tietosuojavastaava<br>050 375 2657<br><a href=\"mailto:info@sykli.fi\">info@sykli.fi<\/a><\/p>\n","protected":false},"excerpt":{"rendered":"<p>Rekisterinpit\u00e4j\u00e4 Suomen ymp\u00e4rist\u00f6opisto SYKLI OyY-tunnus: 0681365-1 SYKLI HelsinkiEsterinportti 1, 3. krs.00240 Helsinki SYKLI Riihim\u00e4kiKaartokatu 211100 Riihim\u00e4ki(samoissa tiloissa kuin HAMK) Suomen [&hellip;]<\/p>\n","protected":false},"author":1,"featured_media":0,"parent":51,"menu_order":4,"comment_status":"closed","ping_status":"closed","template":"","meta":{"_acf_changed":false,"footnotes":""},"class_list":["post-10131","page","type-page","status-publish","hentry"],"acf":[],"_links":{"self":[{"href":"https:\/\/sykli.fi\/demo\/wp-json\/wp\/v2\/pages\/10131","targetHints":{"allow":["GET"]}}],"collection":[{"href":"https:\/\/sykli.fi\/demo\/wp-json\/wp\/v2\/pages"}],"about":[{"href":"https:\/\/sykli.fi\/demo\/wp-json\/wp\/v2\/types\/page"}],"author":[{"embeddable":true,"href":"https:\/\/sykli.fi\/demo\/wp-json\/wp\/v2\/users\/1"}],"replies":[{"embeddable":true,"href":"https:\/\/sykli.fi\/demo\/wp-json\/wp\/v2\/comments?post=10131"}],"version-history":[{"count":7,"href":"https:\/\/sykli.fi\/demo\/wp-json\/wp\/v2\/pages\/10131\/revisions"}],"predecessor-version":[{"id":72978,"href":"https:\/\/sykli.fi\/demo\/wp-json\/wp\/v2\/pages\/10131\/revisions\/72978"}],"up":[{"embeddable":true,"href":"https:\/\/sykli.fi\/demo\/wp-json\/wp\/v2\/pages\/51"}],"wp:attachment":[{"href":"https:\/\/sykli.fi\/demo\/wp-json\/wp\/v2\/media?parent=10131"}],"curies":[{"name":"wp","href":"https:\/\/api.w.org\/{rel}","templated":true}]}}