{"id":10009,"date":"2022-05-31T15:27:49","date_gmt":"2022-05-31T12:27:49","guid":{"rendered":"http:\/\/localhost\/sykli\/?page_id=10009"},"modified":"2024-09-30T11:18:11","modified_gmt":"2024-09-30T08:18:11","slug":"laskutustiedot","status":"publish","type":"page","link":"https:\/\/sykli.fi\/demo\/yhteys\/laskutustiedot\/","title":{"rendered":"Laskutustiedot"},"content":{"rendered":"\n<p>Suomen ymp\u00e4rist\u00f6opisto SYKLI Oy<br>Y-tunnus 0681365-1<\/p>\n\n\n\n<ol class=\"wp-block-list\">\n<li><strong>Verkkolaskut<\/strong><br>Verkkolaskutusosoite: 003706813651<br>Operaattori\/V\u00e4litt\u00e4j\u00e4tunnus: 003708599126 (Open text)<\/li>\n\n\n\n<li><strong>Paperilaskut<\/strong>&nbsp;(t\u00e4h\u00e4n osoitteeseen ei muuta postia)<br>Suomen ymp\u00e4rist\u00f6opisto SYKLI Oy<br>PL 65169<br>01051 LASKUT<br>Huom! Koko osoite pit\u00e4\u00e4 olla laskulla, pelk\u00e4st\u00e4\u00e4n kirjekuoreen kirjoitettuna ei riit\u00e4.<\/li>\n<\/ol>\n\n\n\n<p>Voit my\u00f6s toimittaa laskun (PDF) s\u00e4hk\u00f6postilla osoitteeseen:&nbsp;<a href=\"mailto:fennoa.507846@erin.posti.com\" target=\"_blank\" rel=\"noreferrer noopener\">fennoa.507846@erin.posti.com<\/a> <\/p>\n\n\n\n<p>Kaikkiin laskuihin tulee merkit\u00e4 viitteeksi tilaajan nimi.<\/p>\n\n\n\n<p>Lis\u00e4tietoja tarvittaessa info(at)sykli.fi<\/p>\n","protected":false},"excerpt":{"rendered":"<p>Suomen ymp\u00e4rist\u00f6opisto SYKLI OyY-tunnus 0681365-1 Voit my\u00f6s toimittaa laskun (PDF) s\u00e4hk\u00f6postilla osoitteeseen:&nbsp;fennoa.507846@erin.posti.com Kaikkiin laskuihin tulee merkit\u00e4 viitteeksi tilaajan nimi. Lis\u00e4tietoja [&hellip;]<\/p>\n","protected":false},"author":1,"featured_media":0,"parent":51,"menu_order":3,"comment_status":"closed","ping_status":"closed","template":"","meta":{"_acf_changed":false,"footnotes":""},"class_list":["post-10009","page","type-page","status-publish","hentry"],"acf":[],"_links":{"self":[{"href":"https:\/\/sykli.fi\/demo\/wp-json\/wp\/v2\/pages\/10009","targetHints":{"allow":["GET"]}}],"collection":[{"href":"https:\/\/sykli.fi\/demo\/wp-json\/wp\/v2\/pages"}],"about":[{"href":"https:\/\/sykli.fi\/demo\/wp-json\/wp\/v2\/types\/page"}],"author":[{"embeddable":true,"href":"https:\/\/sykli.fi\/demo\/wp-json\/wp\/v2\/users\/1"}],"replies":[{"embeddable":true,"href":"https:\/\/sykli.fi\/demo\/wp-json\/wp\/v2\/comments?post=10009"}],"version-history":[{"count":3,"href":"https:\/\/sykli.fi\/demo\/wp-json\/wp\/v2\/pages\/10009\/revisions"}],"predecessor-version":[{"id":69360,"href":"https:\/\/sykli.fi\/demo\/wp-json\/wp\/v2\/pages\/10009\/revisions\/69360"}],"up":[{"embeddable":true,"href":"https:\/\/sykli.fi\/demo\/wp-json\/wp\/v2\/pages\/51"}],"wp:attachment":[{"href":"https:\/\/sykli.fi\/demo\/wp-json\/wp\/v2\/media?parent=10009"}],"curies":[{"name":"wp","href":"https:\/\/api.w.org\/{rel}","templated":true}]}}