{"id":68230,"date":"2022-04-12T13:51:39","date_gmt":"2022-04-12T10:51:39","guid":{"rendered":"https:\/\/sykli.fi\/?page_id=68230"},"modified":"2025-10-20T15:31:26","modified_gmt":"2025-10-20T12:31:26","slug":"educational-programs","status":"publish","type":"page","link":"https:\/\/sykli.fi\/demo\/en\/educational-programs\/","title":{"rendered":"Educational programs"},"content":{"rendered":"\r\n<section id=\"hero-block_7c588cfa52b6885c20ee694e4836c9f7\" class=\"hero site-banner section-default default alignfull\">\r\n\r\n    <div class=\"site-banner-bg section-bg-image \" >\r\n\r\n        <img loading=\"lazy\" decoding=\"async\" width=\"1000\" height=\"712\" src=\"https:\/\/sykli.fi\/demo\/wp-content\/uploads\/2023\/04\/shutterstock_290767250-koulutusalat.jpg\" class=\"attachment-1536\u00d71536 size-1536\u00d71536\" alt=\"Koivunlehti\u00e4.\" srcset=\"https:\/\/sykli.fi\/demo\/wp-content\/uploads\/2023\/04\/shutterstock_290767250-koulutusalat.jpg 1000w, https:\/\/sykli.fi\/demo\/wp-content\/uploads\/2023\/04\/shutterstock_290767250-koulutusalat-300x214.jpg 300w, https:\/\/sykli.fi\/demo\/wp-content\/uploads\/2023\/04\/shutterstock_290767250-koulutusalat-768x547.jpg 768w\" sizes=\"auto, (max-width: 1000px) 100vw, 1000px\" \/>\r\n        \r\n        \r\n            <div class=\"site-banner-content container\">\r\n                <div class=\"row w-100\">\r\n                    <div class=\"col-md-12\">\r\n                        <div class=\"hero-text-overlay\">\r\n                                                                <h1 class=\"hero-title\">Sykli educational programs: shaping a sustainable future<\/h1>\r\n                            <div class=\"inner-content\">\r\n                            <div class=\"acf-innerblocks-container\">\n\n<p><\/p>\n\n<\/div>\r\n                        <\/div>                        <\/div>\r\n                    <\/div>\r\n                <\/div>\r\n            <\/div>\r\n\r\n        <\/section>\n\n\n<p>As a pioneer in sustainable working life development, Sykli offers tailored training for individuals and organisations. Sykli collaborates with educational institutions, regional development authorities, and companies to drive sustainability forward.<\/p>\n\n\n\n<h2 class=\"wp-block-heading\">On-site training in your country<\/h2>\n\n\n\n<p>Sykli\u2019s experts offer customized training tailored to your needs, and our online courses are also available remotely.<\/p>\n\n\n\n<h2 class=\"wp-block-heading\">Programs in Finland<\/h2>\n\n\n\n<p>Specialist Vocational Qualification in Environmental Management: A fully accredited, one-year program (180 ECTS) that can be combined with work.<\/p>\n\n\n\n<p>Erasmus+ Courses (one week). <a href=\"https:\/\/sykli.fi\/demo\/en\/courses\/\" target=\"_blank\" rel=\"noreferrer noopener\">Explore courses &gt;&gt;<\/a><\/p>\n\n\n\n<h2 class=\"wp-block-heading\">Online courses<\/h2>\n\n\n\n<p>Professional\u2019s Handprint\u2122 &#8211; Online courses for vocational education providers, employers and organisations. Develop your team and earn a sustainability certification. <a href=\"https:\/\/kadenjalki.fi\/en\/home\/\" target=\"_blank\" rel=\"noreferrer noopener\">Learn more &gt;&gt;<\/a><\/p>\n\n\n\n<p>In addition, we offer practical consultancy services, including CSRD reporting training, carbon footprint assessments, and environmental and quality system audits.<\/p>\n\n\n\n<p>Our courses can be tailored to suit the specific needs of your organisation.<\/p>\n\n\n\n<h2 class=\"wp-block-heading\">Brief descriptions of Sykli&#8217;s key areas of expertise<br><\/h2>\n\n\n\n<h3 class=\"wp-block-heading\">Quality, environmental, and safety management training<\/h3>\n\n\n\n<p>Sykli provides a vocational qualification study program in quality, environmental, and safety management, catering to professionals, supervisors, and managers. This program enhances expertise in sustainable development management, offering practical knowledge, peer discussions, and support for organisational improvement initiatives. Additionally, Sykli offers custom interactive workshops in these fields, tailored to client needs.<\/p>\n\n\n\n<h3 class=\"wp-block-heading\">Resource efficiency training<\/h3>\n\n\n\n<p>Understanding the economic and environmental importance of resource efficiency, Sykli offers a Special Vocational Qualification in the Environmental Sector, focusing on resource efficiency. Suitable for both working professionals and job seekers, this program includes courses like &#8220;Expert in Climate Change&#8221; and &#8220;Expert in Low-Carbon Operations,&#8221; emphasising practical skills such as carbon footprint calculation.<\/p>\n\n\n\n<h3 class=\"wp-block-heading\">Low-carbon education programs<\/h3>\n\n\n\n<p>To support Finland&#8217;s goal of carbon neutrality by 2035, Sykli offers comprehensive low-carbon education programs. These include a longer specialist qualification and short-term training for educational staff, focusing on practical low-carbon skills. The &#8216;Low-Carbon Expert&#8217; program is a highlight, offering advanced education and development projects, leading to a Special Qualification in the Environmental Sector.<\/p>\n\n\n\n<h3 class=\"wp-block-heading\">Water supply training<\/h3>\n\n\n\n<p>As Finland&#8217;s leading degree trainer in water supply, Sykli&#8217;s extensive training covers water acquisition, purification, wastewater treatment, and network management. The programs range from degree courses like Professional and Specialist Vocational Qualifications in Environmental Studies to specialised training such as water work card training and emergency disinfection training, aimed at various professionals in the sector.<\/p>\n\n\n\n<h3 class=\"wp-block-heading\">Logistics training<\/h3>\n\n\n\n<p>Since 2009, Sykli has been providing competency training for truck and bus drivers, complying with the professional competence directive. Offering both on-site and online courses, the training caters to drivers, transport operators, and logistics personnel. Sykli also facilitates custom training for transport companies, with flexible scheduling including weekends, to ensure drivers meet professional standards efficiently.<\/p>\n\n\n\n<h3 class=\"wp-block-heading\">Environmental and sustainability education<\/h3>\n\n\n\n<p>With over a decade of experience, Sykli excels in providing environmental and sustainability education, primarily for educators and trainers. The training, which extends to cultural and youth work professionals, is customisable and collaborates with researchers for continuous improvement. Sykli&#8217;s commitment is to deliver impactful and high-quality training, reinforcing environmental and sustainability expertise across various sectors.<\/p>\n\n\n<h2>More information<\/h2>\r\n<div class=\"row\">\r\n                                <div class=\"col-md-6\">\r\n                    <div class=\"staff-box\">\r\n                        <div class=\"row\">\r\n                            <div class=\"col-4\">\r\n                                <img loading=\"lazy\" decoding=\"async\" width=\"150\" height=\"250\" src=\"https:\/\/sykli.fi\/demo\/wp-content\/uploads\/2022\/09\/ninamaarit-partanen-2022-nettisivuille-mv.jpg\" class=\"attachment-post-thumbnail size-post-thumbnail wp-post-image\" alt=\"\" \/>                            <\/div>\r\n                            <div class=\"col-8\">\r\n                                <h3>Nina M\u00e4kip\u00e4\u00e4<\/h3>\r\n                                Director of Cooperation                                <ul>\r\n                                    <li><svg xmlns=\"http:\/\/www.w3.org\/2000\/svg\" width=\"16\" height=\"16\" fill=\"currentColor\" class=\"bi bi-telephone-fill\" viewBox=\"0 0 16 16\">\r\n                                <path fill-rule=\"evenodd\" d=\"M1.885.511a1.745 1.745 0 0 1 2.61.163L6.29 2.98c.329.423.445.974.315 1.494l-.547 2.19a.678.678 0 0 0 .178.643l2.457 2.457a.678.678 0 0 0 .644.178l2.189-.547a1.745 1.745 0 0 1 1.494.315l2.306 1.794c.829.645.905 1.87.163 2.611l-1.034 1.034c-.74.74-1.846 1.065-2.877.702a18.634 18.634 0 0 1-7.01-4.42 18.634 18.634 0 0 1-4.42-7.009c-.362-1.03-.037-2.137.703-2.877L1.885.511z\"\/>\r\n                              <\/svg> <a href=\"tel:+358444934850\">+358 44 4934 850<\/a><\/li><li><svg xmlns=\"http:\/\/www.w3.org\/2000\/svg\" width=\"16\" height=\"16\" fill=\"currentColor\" class=\"bi bi-envelope-fill\" viewBox=\"0 0 16 16\">\r\n                                <path d=\"M.05 3.555A2 2 0 0 1 2 2h12a2 2 0 0 1 1.95 1.555L8 8.414.05 3.555ZM0 4.697v7.104l5.803-3.558L0 4.697ZM6.761 8.83l-6.57 4.027A2 2 0 0 0 2 14h12a2 2 0 0 0 1.808-1.144l-6.57-4.027L8 9.586l-1.239-.757Zm3.436-.586L16 11.801V4.697l-5.803 3.546Z\"\/>\r\n                              <\/svg> <a href=\"mailto:nina.makipaa@sykli.fi\">nina.makipaa@sykli.fi<\/a><\/li>                                <\/ul>\r\n                            <\/div>\r\n                        <\/div>\r\n                    <\/div>\r\n                <\/div>\r\n    <\/div>\n\n\n<div class=\"wp-block-group alignfull has-light-blue-background-color has-background\"><div class=\"wp-block-group__inner-container is-layout-flow wp-block-group-is-layout-flow\">\n<div class=\"wp-block-columns is-layout-flex wp-container-core-columns-is-layout-9d6595d7 wp-block-columns-is-layout-flex\">\n<div class=\"wp-block-column is-layout-flow wp-block-column-is-layout-flow\">\n<h2 class=\"wp-block-heading has-text-align-center\">Do you want to stay up to date with Sykli&#8217;s news<\/h2>\n\n\n\n<div class=\"wp-block-buttons is-content-justification-center is-layout-flex wp-container-core-buttons-is-layout-28206b41 wp-block-buttons-is-layout-flex\">\n<div class=\"wp-block-button is-style-secondary-button is-style-btn-secondary\"><a class=\"wp-block-button__link wp-element-button\" href=\"https:\/\/newsletter-sykli.mail-eur.net\/\" target=\"_blank\" rel=\"noreferrer noopener\">Subscribe to our newsletter<\/a><\/div>\n<\/div>\n\n\n\n<p class=\"has-text-align-center\">You will receive information about new upcoming courses and current news directly to your email.<\/p>\n\n\n\n<div style=\"height:30px\" aria-hidden=\"true\" class=\"wp-block-spacer\"><\/div>\n\n\n\n<h3 class=\"wp-block-heading has-text-align-center\">Follow Us<\/h3>\n\n\n\n<ul class=\"wp-block-social-links has-visible-labels has-icon-color is-style-logos-only is-content-justification-center is-layout-flex wp-container-core-social-links-is-layout-16018d1d wp-block-social-links-is-layout-flex\"><li style=\"color:#003249;\" class=\"wp-social-link wp-social-link-facebook has-darkblue-color wp-block-social-link\"><a rel=\"noopener nofollow\" target=\"_blank\" href=\"https:\/\/www.facebook.com\/sykli\/\" class=\"wp-block-social-link-anchor\"><svg width=\"24\" height=\"24\" viewBox=\"0 0 24 24\" version=\"1.1\" xmlns=\"http:\/\/www.w3.org\/2000\/svg\" aria-hidden=\"true\" focusable=\"false\"><path d=\"M12 2C6.5 2 2 6.5 2 12c0 5 3.7 9.1 8.4 9.9v-7H7.9V12h2.5V9.8c0-2.5 1.5-3.9 3.8-3.9 1.1 0 2.2.2 2.2.2v2.5h-1.3c-1.2 0-1.6.8-1.6 1.6V12h2.8l-.4 2.9h-2.3v7C18.3 21.1 22 17 22 12c0-5.5-4.5-10-10-10z\"><\/path><\/svg><span class=\"wp-block-social-link-label\">Facebook<\/span><\/a><\/li>\n\n<li style=\"color:#003249;\" class=\"wp-social-link wp-social-link-instagram has-darkblue-color wp-block-social-link\"><a rel=\"noopener nofollow\" target=\"_blank\" href=\"https:\/\/www.instagram.com\/accounts\/login\/?next=\/sykli_suomi\/\" class=\"wp-block-social-link-anchor\"><svg width=\"24\" height=\"24\" viewBox=\"0 0 24 24\" version=\"1.1\" xmlns=\"http:\/\/www.w3.org\/2000\/svg\" aria-hidden=\"true\" focusable=\"false\"><path d=\"M12,4.622c2.403,0,2.688,0.009,3.637,0.052c0.877,0.04,1.354,0.187,1.671,0.31c0.42,0.163,0.72,0.358,1.035,0.673 c0.315,0.315,0.51,0.615,0.673,1.035c0.123,0.317,0.27,0.794,0.31,1.671c0.043,0.949,0.052,1.234,0.052,3.637 s-0.009,2.688-0.052,3.637c-0.04,0.877-0.187,1.354-0.31,1.671c-0.163,0.42-0.358,0.72-0.673,1.035 c-0.315,0.315-0.615,0.51-1.035,0.673c-0.317,0.123-0.794,0.27-1.671,0.31c-0.949,0.043-1.233,0.052-3.637,0.052 s-2.688-0.009-3.637-0.052c-0.877-0.04-1.354-0.187-1.671-0.31c-0.42-0.163-0.72-0.358-1.035-0.673 c-0.315-0.315-0.51-0.615-0.673-1.035c-0.123-0.317-0.27-0.794-0.31-1.671C4.631,14.688,4.622,14.403,4.622,12 s0.009-2.688,0.052-3.637c0.04-0.877,0.187-1.354,0.31-1.671c0.163-0.42,0.358-0.72,0.673-1.035 c0.315-0.315,0.615-0.51,1.035-0.673c0.317-0.123,0.794-0.27,1.671-0.31C9.312,4.631,9.597,4.622,12,4.622 M12,3 C9.556,3,9.249,3.01,8.289,3.054C7.331,3.098,6.677,3.25,6.105,3.472C5.513,3.702,5.011,4.01,4.511,4.511 c-0.5,0.5-0.808,1.002-1.038,1.594C3.25,6.677,3.098,7.331,3.054,8.289C3.01,9.249,3,9.556,3,12c0,2.444,0.01,2.751,0.054,3.711 c0.044,0.958,0.196,1.612,0.418,2.185c0.23,0.592,0.538,1.094,1.038,1.594c0.5,0.5,1.002,0.808,1.594,1.038 c0.572,0.222,1.227,0.375,2.185,0.418C9.249,20.99,9.556,21,12,21s2.751-0.01,3.711-0.054c0.958-0.044,1.612-0.196,2.185-0.418 c0.592-0.23,1.094-0.538,1.594-1.038c0.5-0.5,0.808-1.002,1.038-1.594c0.222-0.572,0.375-1.227,0.418-2.185 C20.99,14.751,21,14.444,21,12s-0.01-2.751-0.054-3.711c-0.044-0.958-0.196-1.612-0.418-2.185c-0.23-0.592-0.538-1.094-1.038-1.594 c-0.5-0.5-1.002-0.808-1.594-1.038c-0.572-0.222-1.227-0.375-2.185-0.418C14.751,3.01,14.444,3,12,3L12,3z M12,7.378 c-2.552,0-4.622,2.069-4.622,4.622S9.448,16.622,12,16.622s4.622-2.069,4.622-4.622S14.552,7.378,12,7.378z M12,15 c-1.657,0-3-1.343-3-3s1.343-3,3-3s3,1.343,3,3S13.657,15,12,15z M16.804,6.116c-0.596,0-1.08,0.484-1.08,1.08 s0.484,1.08,1.08,1.08c0.596,0,1.08-0.484,1.08-1.08S17.401,6.116,16.804,6.116z\"><\/path><\/svg><span class=\"wp-block-social-link-label\">Instagram<\/span><\/a><\/li>\n\n<li style=\"color:#003249;\" class=\"wp-social-link wp-social-link-linkedin has-darkblue-color wp-block-social-link\"><a rel=\"noopener nofollow\" target=\"_blank\" href=\"https:\/\/www.linkedin.com\/company\/suomen-ymp%C3%A4rist%C3%B6opisto-sykli-oy\/\" class=\"wp-block-social-link-anchor\"><svg width=\"24\" height=\"24\" viewBox=\"0 0 24 24\" version=\"1.1\" xmlns=\"http:\/\/www.w3.org\/2000\/svg\" aria-hidden=\"true\" focusable=\"false\"><path d=\"M19.7,3H4.3C3.582,3,3,3.582,3,4.3v15.4C3,20.418,3.582,21,4.3,21h15.4c0.718,0,1.3-0.582,1.3-1.3V4.3 C21,3.582,20.418,3,19.7,3z M8.339,18.338H5.667v-8.59h2.672V18.338z M7.004,8.574c-0.857,0-1.549-0.694-1.549-1.548 c0-0.855,0.691-1.548,1.549-1.548c0.854,0,1.547,0.694,1.547,1.548C8.551,7.881,7.858,8.574,7.004,8.574z M18.339,18.338h-2.669 v-4.177c0-0.996-0.017-2.278-1.387-2.278c-1.389,0-1.601,1.086-1.601,2.206v4.249h-2.667v-8.59h2.559v1.174h0.037 c0.356-0.675,1.227-1.387,2.526-1.387c2.703,0,3.203,1.779,3.203,4.092V18.338z\"><\/path><\/svg><span class=\"wp-block-social-link-label\">LinkedIn<\/span><\/a><\/li>\n\n<li style=\"color:#003249;\" class=\"wp-social-link wp-social-link-youtube has-darkblue-color wp-block-social-link\"><a rel=\"noopener nofollow\" target=\"_blank\" href=\"https:\/\/www.youtube.com\/channel\/UCJz6z5PuxYnZ80PUToQjQEQ\/featured\" class=\"wp-block-social-link-anchor\"><svg width=\"24\" height=\"24\" viewBox=\"0 0 24 24\" version=\"1.1\" xmlns=\"http:\/\/www.w3.org\/2000\/svg\" aria-hidden=\"true\" focusable=\"false\"><path d=\"M21.8,8.001c0,0-0.195-1.378-0.795-1.985c-0.76-0.797-1.613-0.801-2.004-0.847c-2.799-0.202-6.997-0.202-6.997-0.202 h-0.009c0,0-4.198,0-6.997,0.202C4.608,5.216,3.756,5.22,2.995,6.016C2.395,6.623,2.2,8.001,2.2,8.001S2,9.62,2,11.238v1.517 c0,1.618,0.2,3.237,0.2,3.237s0.195,1.378,0.795,1.985c0.761,0.797,1.76,0.771,2.205,0.855c1.6,0.153,6.8,0.201,6.8,0.201 s4.203-0.006,7.001-0.209c0.391-0.047,1.243-0.051,2.004-0.847c0.6-0.607,0.795-1.985,0.795-1.985s0.2-1.618,0.2-3.237v-1.517 C22,9.62,21.8,8.001,21.8,8.001z M9.935,14.594l-0.001-5.62l5.404,2.82L9.935,14.594z\"><\/path><\/svg><span class=\"wp-block-social-link-label\">YouTube<\/span><\/a><\/li><\/ul>\n<\/div>\n<\/div>\n<\/div><\/div>\n","protected":false},"excerpt":{"rendered":"<p>As a pioneer in sustainable working life development, Sykli offers tailored training for individuals and organisations. Sykli collaborates with educational [&hellip;]<\/p>\n","protected":false},"author":1,"featured_media":63640,"parent":0,"menu_order":3,"comment_status":"closed","ping_status":"closed","template":"template-parts\/page-with-no-sidebar.php","meta":{"_acf_changed":false,"footnotes":""},"class_list":["post-68230","page","type-page","status-publish","has-post-thumbnail","hentry"],"acf":[],"_links":{"self":[{"href":"https:\/\/sykli.fi\/demo\/en\/wp-json\/wp\/v2\/pages\/68230","targetHints":{"allow":["GET"]}}],"collection":[{"href":"https:\/\/sykli.fi\/demo\/en\/wp-json\/wp\/v2\/pages"}],"about":[{"href":"https:\/\/sykli.fi\/demo\/en\/wp-json\/wp\/v2\/types\/page"}],"author":[{"embeddable":true,"href":"https:\/\/sykli.fi\/demo\/en\/wp-json\/wp\/v2\/users\/1"}],"replies":[{"embeddable":true,"href":"https:\/\/sykli.fi\/demo\/en\/wp-json\/wp\/v2\/comments?post=68230"}],"version-history":[{"count":5,"href":"https:\/\/sykli.fi\/demo\/en\/wp-json\/wp\/v2\/pages\/68230\/revisions"}],"predecessor-version":[{"id":72844,"href":"https:\/\/sykli.fi\/demo\/en\/wp-json\/wp\/v2\/pages\/68230\/revisions\/72844"}],"wp:featuredmedia":[{"embeddable":true,"href":"https:\/\/sykli.fi\/demo\/en\/wp-json\/wp\/v2\/media\/63640"}],"wp:attachment":[{"href":"https:\/\/sykli.fi\/demo\/en\/wp-json\/wp\/v2\/media?parent=68230"}],"curies":[{"name":"wp","href":"https:\/\/api.w.org\/{rel}","templated":true}]}}