{"id":68226,"date":"2022-05-17T11:44:05","date_gmt":"2022-05-17T08:44:05","guid":{"rendered":"https:\/\/sykli.fi\/?page_id=68226"},"modified":"2025-10-20T15:27:18","modified_gmt":"2025-10-20T12:27:18","slug":"partnership","status":"publish","type":"page","link":"https:\/\/sykli.fi\/demo\/en\/impact-and-cooperation\/partnership\/","title":{"rendered":"Partnership"},"content":{"rendered":"\r\n<section id=\"hero-block_6ae29f1bd23cf95d48e2a8d25b729b25\" class=\"hero site-banner section-default default alignfull\">\r\n\r\n    <div class=\"site-banner-bg section-bg-image ob-position\" style=\"object-position: 50% 81%\" >\r\n\r\n        <img loading=\"lazy\" decoding=\"async\" width=\"2560\" height=\"1917\" src=\"https:\/\/sykli.fi\/demo\/wp-content\/uploads\/2023\/05\/shutterstock_212981179-scaled.jpg\" class=\"attachment-1536\u00d71536 size-1536\u00d71536\" alt=\"K\u00e4ttely puunoksan kanssa.\" srcset=\"https:\/\/sykli.fi\/demo\/wp-content\/uploads\/2023\/05\/shutterstock_212981179-scaled.jpg 2560w, https:\/\/sykli.fi\/demo\/wp-content\/uploads\/2023\/05\/shutterstock_212981179-300x225.jpg 300w, https:\/\/sykli.fi\/demo\/wp-content\/uploads\/2023\/05\/shutterstock_212981179-1024x767.jpg 1024w, https:\/\/sykli.fi\/demo\/wp-content\/uploads\/2023\/05\/shutterstock_212981179-768x575.jpg 768w, https:\/\/sykli.fi\/demo\/wp-content\/uploads\/2023\/05\/shutterstock_212981179-1536x1150.jpg 1536w, https:\/\/sykli.fi\/demo\/wp-content\/uploads\/2023\/05\/shutterstock_212981179-2048x1533.jpg 2048w\" sizes=\"auto, (max-width: 2560px) 100vw, 2560px\" \/>\r\n        \r\n        \r\n            <div class=\"site-banner-content container\">\r\n                <div class=\"row w-100\">\r\n                    <div class=\"col-md-12\">\r\n                        <div class=\"hero-text-overlay\">\r\n                                                                <h1 class=\"hero-title\">Partnership<\/h1>\r\n                            <div class=\"inner-content\">\r\n                            <div class=\"acf-innerblocks-container\"><\/div>\r\n                        <\/div>                        <\/div>\r\n                    <\/div>\r\n                <\/div>\r\n            <\/div>\r\n\r\n        <\/section>\n\n\n<p>Sykli&#8217;s approach is internationally recognised and firmly rooted in practical impact. Each year, we deliver more than 38 development projects across Finland and abroad, including national initiatives, EU-funded programmes and education export. In close cooperation with the Finnish National Agency for Education, we also contribute to shaping the national Sustainability Roadmap through active network collaboration. Together with our partners, we are committed to building a more sustainable and future-ready working life.<\/p>\n\n\n\n<p>We warmly invite you to get in touch to explore opportunities for collaboration. Whether you are an educator seeking to implement world-class Finnish pedagogy or a business leader preparing for the Green Transition, SYKLI is your trusted partner &#8211; from strategy to implementation.<\/p>\n\n\n\n<h3 class=\"wp-block-heading\">Project work plays a crucial role in our operations. <\/h3>\n\n\n\n<p>Sykli is always ready for new partnerships to advance sustainable expertise.<\/p>\n\n\n\n<p>Through projects, we collaboratively develop new tools, products, operating models, and expertise with our partners. We apply the results of these projects in our training programs. Our activities are supported by a growing national and international network of cooperation. We have extensive experience in both national and international project activities, having served as coordinators or partners in numerous development projects. We actively enhance our project activities and expand our cooperation networks in Finland and neighboring regions, as well as in other parts of Europe, Africa, and Asia. If you would like more information about Sykli as a project partner, please contact us using the form below.<\/p>\n\n\n<script>\nvar gform;gform||(document.addEventListener(\"gform_main_scripts_loaded\",function(){gform.scriptsLoaded=!0}),document.addEventListener(\"gform\/theme\/scripts_loaded\",function(){gform.themeScriptsLoaded=!0}),window.addEventListener(\"DOMContentLoaded\",function(){gform.domLoaded=!0}),gform={domLoaded:!1,scriptsLoaded:!1,themeScriptsLoaded:!1,isFormEditor:()=>\"function\"==typeof InitializeEditor,callIfLoaded:function(o){return!(!gform.domLoaded||!gform.scriptsLoaded||!gform.themeScriptsLoaded&&!gform.isFormEditor()||(gform.isFormEditor()&&console.warn(\"The use of gform.initializeOnLoaded() is deprecated in the form editor context and will be removed in Gravity Forms 3.1.\"),o(),0))},initializeOnLoaded:function(o){gform.callIfLoaded(o)||(document.addEventListener(\"gform_main_scripts_loaded\",()=>{gform.scriptsLoaded=!0,gform.callIfLoaded(o)}),document.addEventListener(\"gform\/theme\/scripts_loaded\",()=>{gform.themeScriptsLoaded=!0,gform.callIfLoaded(o)}),window.addEventListener(\"DOMContentLoaded\",()=>{gform.domLoaded=!0,gform.callIfLoaded(o)}))},hooks:{action:{},filter:{}},addAction:function(o,r,e,t){gform.addHook(\"action\",o,r,e,t)},addFilter:function(o,r,e,t){gform.addHook(\"filter\",o,r,e,t)},doAction:function(o){gform.doHook(\"action\",o,arguments)},applyFilters:function(o){return gform.doHook(\"filter\",o,arguments)},removeAction:function(o,r){gform.removeHook(\"action\",o,r)},removeFilter:function(o,r,e){gform.removeHook(\"filter\",o,r,e)},addHook:function(o,r,e,t,n){null==gform.hooks[o][r]&&(gform.hooks[o][r]=[]);var d=gform.hooks[o][r];null==n&&(n=r+\"_\"+d.length),gform.hooks[o][r].push({tag:n,callable:e,priority:t=null==t?10:t})},doHook:function(r,o,e){var t;if(e=Array.prototype.slice.call(e,1),null!=gform.hooks[r][o]&&((o=gform.hooks[r][o]).sort(function(o,r){return o.priority-r.priority}),o.forEach(function(o){\"function\"!=typeof(t=o.callable)&&(t=window[t]),\"action\"==r?t.apply(null,e):e[0]=t.apply(null,e)})),\"filter\"==r)return e[0]},removeHook:function(o,r,t,n){var e;null!=gform.hooks[o][r]&&(e=(e=gform.hooks[o][r]).filter(function(o,r,e){return!!(null!=n&&n!=o.tag||null!=t&&t!=o.priority)}),gform.hooks[o][r]=e)}});\n<\/script>\n\n                <div class='gf_browser_gecko gform_wrapper gravity-theme gform-theme--no-framework' data-form-theme='gravity-theme' data-form-index='0' id='gform_wrapper_1' >\n                        <div class='gform_heading'>\n                            <h2 class=\"gform_title\">Contact Us<\/h2>\n                            <p class='gform_description'><\/p>\n\t\t\t\t\t\t\t<p class='gform_required_legend'>(<span class=\"gfield_required gfield_required_asterisk\">*<\/span>) n\u00e4ytt\u00e4\u00e4 pakolliset kent\u00e4t<\/p>\n                        <\/div><form method='post' enctype='multipart\/form-data'  id='gform_1'  action='\/demo\/en\/wp-json\/wp\/v2\/pages\/68226' data-formid='1' novalidate>\n                        <div class='gform-body gform_body'><div id='gform_fields_1' class='gform_fields top_label form_sublabel_below description_below validation_below'><div id=\"field_1_10\" class=\"gfield gfield--type-honeypot gform_validation_container field_sublabel_below gfield--has-description field_description_below field_validation_below gfield_visibility_visible\"  ><label class='form-label gfield_label gform-field-label' for='input_1_10'>Phone<\/label><div class='ginput_container'><input name='input_10' id='input_1_10' type='text' value='' autocomplete='new-password'\/><\/div><div class='small text-muted gfield_description' id='gfield_description_1_10'>This field is for validation purposes and should be left unchanged.<\/div><\/div><div id=\"field_1_4\" class=\"gfield gfield--type-textarea gfield--input-type-textarea gfield--width-full gfield_contains_required field_sublabel_below gfield--has-description field_description_above field_validation_below gfield_visibility_visible\"  ><label class='form-label gfield_label gform-field-label' for='input_1_4'>Feedback<span class=\"gfield_required\"><span class=\"gfield_required gfield_required_asterisk\">*<\/span><\/span><\/label><div class='small text-muted gfield_description' id='gfield_description_1_4'>Write your message here&#8230;<\/div><div class='ginput_container ginput_container_textarea'><textarea name='input_4' id='input_1_4' class='form-control form-control-lg textarea'  aria-describedby=\"gfield_description_1_4\"   aria-required=\"true\" aria-invalid=\"false\"   rows='4' cols='50'><\/textarea><\/div><\/div><fieldset id=\"field_1_8\" class=\"gfield gfield--type-radio gfield--type-choice gfield--input-type-radio gfield--width-full field_sublabel_below gfield--no-description field_description_below field_validation_below gfield_visibility_visible\"  ><legend class='form-label gfield_label gform-field-label' >I want to be contacted<\/legend><div class='ginput_container ginput_container_radio'><div class='gfield_radio' id='input_1_8'>\n\t\t\t<div class='gchoice form-check gchoice_1_8_0'>\n\t\t\t\t\t<input class='form-check-input gfield-choice-input'' name='input_8' type='radio' value='Yes' checked='checked' id='choice_1_8_0' onchange='gformToggleRadioOther( this )'    \/>\n\t\t\t\t\t<label for='choice_1_8_0' id='label_1_8_0' class='gform-field-label gform-field-label--type-inline'>Yes<\/label>\n\t\t\t<\/div>\n\t\t\t<div class='gchoice form-check gchoice_1_8_1'>\n\t\t\t\t\t<input class='form-check-input gfield-choice-input'' name='input_8' type='radio' value='No'  id='choice_1_8_1' onchange='gformToggleRadioOther( this )'    \/>\n\t\t\t\t\t<label for='choice_1_8_1' id='label_1_8_1' class='gform-field-label gform-field-label--type-inline'>No<\/label>\n\t\t\t<\/div><\/div><\/div><\/fieldset><fieldset id=\"field_1_7\" class=\"gfield gfield--type-name gfield--input-type-name gfield--width-full gfield_contains_required field_sublabel_below gfield--no-description field_description_below field_validation_below gfield_visibility_visible\"  ><legend class='form-label gfield_label gform-field-label form-label gfield_label_before_complex' >Name<span class=\"gfield_required\"><span class=\"gfield_required gfield_required_asterisk\">*<\/span><\/span><\/legend><div class='row g-2 ginput_complex ginput_container ginput_container--name no_prefix has_first_name no_middle_name has_last_name no_suffix gf_name_has_2 ginput_container_name gform-grid-row' id='input_1_7'>\n                            \n                            <span id='input_1_7_3_container' class='col name_first gform-grid-col gform-grid-col--size-auto' >\n                                                    <input type='text' class='form-control' name='input_7.3' id='input_1_7_3' value=''   aria-required='true'     \/>\n                                                    <label class='small text-muted' for='input_1_7_3' class='gform-field-label gform-field-label--type-sub '>First<\/label>\n                                                <\/span>\n                            \n                            <span id='input_1_7_6_container' class='col name_last gform-grid-col gform-grid-col--size-auto' >\n                                                    <input type='text' class='form-control' name='input_7.6' id='input_1_7_6' value=''   aria-required='true'     \/>\n                                                    <label class='small text-muted' for='input_1_7_6' class='gform-field-label gform-field-label--type-sub '>Last<\/label>\n                                                <\/span>\n                            \n                        <\/div><\/fieldset><div id=\"field_1_3\" class=\"gfield gfield--type-text gfield--input-type-text gfield--width-full gfield--width-half gfield_contains_required field_sublabel_below gfield--no-description field_description_below field_validation_below gfield_visibility_visible\"  ><label class='form-label gfield_label gform-field-label' for='input_1_3'>Phone<span class=\"gfield_required\"><span class=\"gfield_required gfield_required_asterisk\">*<\/span><\/span><\/label><div class='ginput_container ginput_container_text'><input name='input_3' id='input_1_3' type='text' value='' class='form-control form-control-lg'     aria-required=\"true\" aria-invalid=\"false\"   \/><\/div><\/div><div id=\"field_1_6\" class=\"gfield gfield--type-text gfield--input-type-text gfield--width-full gfield--width-half gfield_contains_required field_sublabel_below gfield--no-description field_description_below field_validation_below gfield_visibility_visible\"  ><label class='form-label gfield_label gform-field-label' for='input_1_6'>E-mail<span class=\"gfield_required\"><span class=\"gfield_required gfield_required_asterisk\">*<\/span><\/span><\/label><div class='ginput_container ginput_container_text'><input name='input_6' id='input_1_6' type='text' value='' class='form-control form-control-lg'     aria-required=\"true\" aria-invalid=\"false\"   \/><\/div><\/div><div id=\"field_1_9\" class=\"gfield gfield--type-captcha gfield--input-type-captcha gfield--width-full field_sublabel_below gfield--no-description field_description_below hidden_label field_validation_below gfield_visibility_visible\"  ><label class='form-label gfield_label gform-field-label' for='input_1_9'>CAPTCHA<\/label><div id='input_1_9' class='ginput_container ginput_recaptcha' data-sitekey='6LdjhdQpAAAAABVdnKyFovApFFFC-h0H0fXsoQw8'  data-theme='light' data-tabindex='-1' data-size='invisible' data-badge='bottomright'><\/div><\/div><\/div><\/div>\n        <div class='gform-footer gform_footer top_label'> <input type='submit' id='gform_submit_button_1' class='gform_button btn btn-primary button' onclick='gform.submission.handleButtonClick(this);' data-submission-type='submit' value='Submit'  \/> \n            <input type='hidden' class='gform_hidden' name='gform_submission_method' data-js='gform_submission_method_1' value='postback' \/>\n            <input type='hidden' class='gform_hidden' name='gform_theme' data-js='gform_theme_1' id='gform_theme_1' value='gravity-theme' \/>\n            <input type='hidden' class='gform_hidden' name='gform_style_settings' data-js='gform_style_settings_1' id='gform_style_settings_1' value='{&quot;inputPrimaryColor&quot;:&quot;#204ce5&quot;}' \/>\n            <input type='hidden' class='gform_hidden' name='is_submit_1' value='1' \/>\n            <input type='hidden' class='gform_hidden' name='gform_submit' value='1' \/>\n            \n            <input type='hidden' class='gform_hidden' name='gform_currency' data-currency='EUR' value='Nno\/4wBVbnPKH2OHj69IZ0ACNlsDEJnLvuPbvglDlfOao9ei+eWDuA+39GiwKlE4NLK+zUtZARISSVsJCKaL4ytXxN74IdfQVJfPvuF6OMoI\/LI=' \/>\n            <input type='hidden' class='gform_hidden' name='gform_unique_id' value='' \/>\n            <input type='hidden' class='gform_hidden' name='state_1' value='WyJ7XCI4XCI6W1wiMmMwZWQwNGU2ODIyMWUxZGVlZmQ2Mzk2Mjg5NTk4ZGFcIixcIjljNmFlNDZkYzcxMjUzYmRkNTlhMDY3NjRhZTAwYjQ1XCJdfSIsIjk1M2MyYjAyNDgyNTM1YjJmZGE0NzljM2FhYWM5ZTQ0Il0=' \/>\n            <input type='hidden' autocomplete='off' class='gform_hidden' name='gform_target_page_number_1' id='gform_target_page_number_1' value='0' \/>\n            <input type='hidden' autocomplete='off' class='gform_hidden' name='gform_source_page_number_1' id='gform_source_page_number_1' value='1' \/>\n            <input type='hidden' name='gform_field_values' value='' \/>\n            \n        <\/div>\n                        <\/form>\n                        <\/div><script>\ngform.initializeOnLoaded( function() {gformInitSpinner( 1, 'data:image\/gif;base64,R0lGODlhAQABAIAAAAAAAP\/\/\/yH5BAEAAAAALAAAAAABAAEAAAIBRAA7', true );jQuery('#gform_ajax_frame_1').on('load',function(){var contents = jQuery(this).contents().find('*').html();var is_postback = contents.indexOf('GF_AJAX_POSTBACK') >= 0;if(!is_postback){return;}var form_content = jQuery(this).contents().find('#gform_wrapper_1');var is_confirmation = jQuery(this).contents().find('#gform_confirmation_wrapper_1').length > 0;var is_redirect = contents.indexOf('gformRedirect(){') >= 0;var is_form = form_content.length > 0 && ! is_redirect && ! is_confirmation;var mt = parseInt(jQuery('html').css('margin-top'), 10) + parseInt(jQuery('body').css('margin-top'), 10) + 100;if(is_form){jQuery('#gform_wrapper_1').html(form_content.html());if(form_content.hasClass('gform_validation_error')){jQuery('#gform_wrapper_1').addClass('gform_validation_error');} else {jQuery('#gform_wrapper_1').removeClass('gform_validation_error');}setTimeout( function() { \/* delay the scroll by 50 milliseconds to fix a bug in chrome *\/  }, 50 );if(window['gformInitDatepicker']) {gformInitDatepicker();}if(window['gformInitPriceFields']) {gformInitPriceFields();}var current_page = jQuery('#gform_source_page_number_1').val();gformInitSpinner( 1, 'data:image\/gif;base64,R0lGODlhAQABAIAAAAAAAP\/\/\/yH5BAEAAAAALAAAAAABAAEAAAIBRAA7', true );jQuery(document).trigger('gform_page_loaded', [1, current_page]);window['gf_submitting_1'] = false;}else if(!is_redirect){var confirmation_content = jQuery(this).contents().find('.GF_AJAX_POSTBACK').html();if(!confirmation_content){confirmation_content = contents;}jQuery('#gform_wrapper_1').replaceWith(confirmation_content);jQuery(document).trigger('gform_confirmation_loaded', [1]);window['gf_submitting_1'] = false;wp.a11y.speak(jQuery('#gform_confirmation_message_1').text());}else{jQuery('#gform_1').append(contents);if(window['gformRedirect']) {gformRedirect();}}jQuery(document).trigger(\"gform_pre_post_render\", [{ formId: \"1\", currentPage: \"current_page\", abort: function() { this.preventDefault(); } }]);        if (event && event.defaultPrevented) {                return;        }        const gformWrapperDiv = document.getElementById( \"gform_wrapper_1\" );        if ( gformWrapperDiv ) {            const visibilitySpan = document.createElement( \"span\" );            visibilitySpan.id = \"gform_visibility_test_1\";            gformWrapperDiv.insertAdjacentElement( \"afterend\", visibilitySpan );        }        const visibilityTestDiv = document.getElementById( \"gform_visibility_test_1\" );        let postRenderFired = false;        function triggerPostRender() {            if ( postRenderFired ) {                return;            }            postRenderFired = true;            gform.core.triggerPostRenderEvents( 1, current_page );            if ( visibilityTestDiv ) {                visibilityTestDiv.parentNode.removeChild( visibilityTestDiv );            }        }        function debounce( func, wait, immediate ) {            var timeout;            return function() {                var context = this, args = arguments;                var later = function() {                    timeout = null;                    if ( !immediate ) func.apply( context, args );                };                var callNow = immediate && !timeout;                clearTimeout( timeout );                timeout = setTimeout( later, wait );                if ( callNow ) func.apply( context, args );            };        }        const debouncedTriggerPostRender = debounce( function() {            triggerPostRender();        }, 200 );        if ( visibilityTestDiv && visibilityTestDiv.offsetParent === null ) {            const observer = new MutationObserver( ( mutations ) => {                mutations.forEach( ( mutation ) => {                    if ( mutation.type === 'attributes' && visibilityTestDiv.offsetParent !== null ) {                        debouncedTriggerPostRender();                        observer.disconnect();                    }                });            });            observer.observe( document.body, {                attributes: true,                childList: false,                subtree: true,                attributeFilter: [ 'style', 'class' ],            });        } else {            triggerPostRender();        }    } );} );\n<\/script>\n\n\n<div class=\"page-linkbox-block alignfull\">\r\n    <div class=\"container\">\r\n        <div class=\"acf-innerblocks-container\"><\/div>\r\n\r\n    <\/div>\r\n<\/div>","protected":false},"excerpt":{"rendered":"<p>Sykli&#8217;s approach is internationally recognised and firmly rooted in practical impact. Each year, we deliver more than 38 development projects [&hellip;]<\/p>\n","protected":false},"author":1,"featured_media":63889,"parent":68223,"menu_order":3,"comment_status":"closed","ping_status":"closed","template":"","meta":{"_acf_changed":false,"footnotes":""},"class_list":["post-68226","page","type-page","status-publish","has-post-thumbnail","hentry"],"acf":[],"_links":{"self":[{"href":"https:\/\/sykli.fi\/demo\/en\/wp-json\/wp\/v2\/pages\/68226","targetHints":{"allow":["GET"]}}],"collection":[{"href":"https:\/\/sykli.fi\/demo\/en\/wp-json\/wp\/v2\/pages"}],"about":[{"href":"https:\/\/sykli.fi\/demo\/en\/wp-json\/wp\/v2\/types\/page"}],"author":[{"embeddable":true,"href":"https:\/\/sykli.fi\/demo\/en\/wp-json\/wp\/v2\/users\/1"}],"replies":[{"embeddable":true,"href":"https:\/\/sykli.fi\/demo\/en\/wp-json\/wp\/v2\/comments?post=68226"}],"version-history":[{"count":3,"href":"https:\/\/sykli.fi\/demo\/en\/wp-json\/wp\/v2\/pages\/68226\/revisions"}],"predecessor-version":[{"id":72836,"href":"https:\/\/sykli.fi\/demo\/en\/wp-json\/wp\/v2\/pages\/68226\/revisions\/72836"}],"up":[{"embeddable":true,"href":"https:\/\/sykli.fi\/demo\/en\/wp-json\/wp\/v2\/pages\/68223"}],"wp:featuredmedia":[{"embeddable":true,"href":"https:\/\/sykli.fi\/demo\/en\/wp-json\/wp\/v2\/media\/63889"}],"wp:attachment":[{"href":"https:\/\/sykli.fi\/demo\/en\/wp-json\/wp\/v2\/media?parent=68226"}],"curies":[{"name":"wp","href":"https:\/\/api.w.org\/{rel}","templated":true}]}}