{"id":68223,"date":"2022-04-12T13:52:50","date_gmt":"2022-04-12T10:52:50","guid":{"rendered":"https:\/\/sykli.fi\/?page_id=68223"},"modified":"2025-10-20T15:27:58","modified_gmt":"2025-10-20T12:27:58","slug":"impact-and-cooperation","status":"publish","type":"page","link":"https:\/\/sykli.fi\/demo\/en\/impact-and-cooperation\/","title":{"rendered":"Impact and Cooperation"},"content":{"rendered":"\r\n<section id=\"hero-block_8ddb57bc0f8854d59ee46764fc71cdad\" class=\"hero site-banner section-default default alignfull\">\r\n\r\n    <div class=\"site-banner-bg section-bg-image ob-position\" style=\"object-position: 50% 70%\" >\r\n\r\n        <img loading=\"lazy\" decoding=\"async\" width=\"1000\" height=\"667\" src=\"https:\/\/sykli.fi\/demo\/wp-content\/uploads\/2023\/04\/shutterstock_1985950466-vaikuttaminen.jpg\" class=\"attachment-1536\u00d71536 size-1536\u00d71536\" alt=\"J\u00e4rvimaisema kes\u00e4ll\u00e4.\" srcset=\"https:\/\/sykli.fi\/demo\/wp-content\/uploads\/2023\/04\/shutterstock_1985950466-vaikuttaminen.jpg 1000w, https:\/\/sykli.fi\/demo\/wp-content\/uploads\/2023\/04\/shutterstock_1985950466-vaikuttaminen-300x200.jpg 300w, https:\/\/sykli.fi\/demo\/wp-content\/uploads\/2023\/04\/shutterstock_1985950466-vaikuttaminen-768x512.jpg 768w\" sizes=\"auto, (max-width: 1000px) 100vw, 1000px\" \/>\r\n        \r\n        \r\n            <div class=\"site-banner-content container\">\r\n                <div class=\"row w-100\">\r\n                    <div class=\"col-md-12\">\r\n                        <div class=\"hero-text-overlay\">\r\n                                                                <h1 class=\"hero-title\">Impact and Cooperation<\/h1>\r\n                            <div class=\"inner-content\">\r\n                            <div class=\"acf-innerblocks-container\"><\/div>\r\n                        <\/div>                        <\/div>\r\n                    <\/div>\r\n                <\/div>\r\n            <\/div>\r\n\r\n        <\/section>\n\n\n<p>Sykli&#8217;s mission is to promote sustainable work and society through education and knowledge dissemination. Our experts stay up-to-date with the latest scientific achievements and incorporate new knowledge into our educational content. Through development projects, we also contribute to the application of the latest information and methods in various situations and contexts, collaborating with diverse partners.<\/p>\n\n\n\n<p>Sykli serves as a bridge between science, research, academic actors, and practical work life and grassroots actors, increasing understanding and expertise for the advancement of a sustainable future. Sykli\u2019s students and clients, together with our experts, play a role in influencing the construction of a more sustainable world.<\/p>\n\n\n<h2>More information<\/h2>\r\n<div class=\"row\">\r\n                                <div class=\"col-md-6\">\r\n                    <div class=\"staff-box\">\r\n                        <div class=\"row\">\r\n                            <div class=\"col-4\">\r\n                                <img loading=\"lazy\" decoding=\"async\" width=\"150\" height=\"250\" src=\"https:\/\/sykli.fi\/demo\/wp-content\/uploads\/2022\/09\/ninamaarit-partanen-2022-nettisivuille-mv.jpg\" class=\"attachment-post-thumbnail size-post-thumbnail wp-post-image\" alt=\"\" \/>                            <\/div>\r\n                            <div class=\"col-8\">\r\n                                <h3>Nina M\u00e4kip\u00e4\u00e4<\/h3>\r\n                                Director of Cooperation                                <ul>\r\n                                    <li><svg xmlns=\"http:\/\/www.w3.org\/2000\/svg\" width=\"16\" height=\"16\" fill=\"currentColor\" class=\"bi bi-telephone-fill\" viewBox=\"0 0 16 16\">\r\n                                <path fill-rule=\"evenodd\" d=\"M1.885.511a1.745 1.745 0 0 1 2.61.163L6.29 2.98c.329.423.445.974.315 1.494l-.547 2.19a.678.678 0 0 0 .178.643l2.457 2.457a.678.678 0 0 0 .644.178l2.189-.547a1.745 1.745 0 0 1 1.494.315l2.306 1.794c.829.645.905 1.87.163 2.611l-1.034 1.034c-.74.74-1.846 1.065-2.877.702a18.634 18.634 0 0 1-7.01-4.42 18.634 18.634 0 0 1-4.42-7.009c-.362-1.03-.037-2.137.703-2.877L1.885.511z\"\/>\r\n                              <\/svg> <a href=\"tel:+358444934850\">+358 44 4934 850<\/a><\/li><li><svg xmlns=\"http:\/\/www.w3.org\/2000\/svg\" width=\"16\" height=\"16\" fill=\"currentColor\" class=\"bi bi-envelope-fill\" viewBox=\"0 0 16 16\">\r\n                                <path d=\"M.05 3.555A2 2 0 0 1 2 2h12a2 2 0 0 1 1.95 1.555L8 8.414.05 3.555ZM0 4.697v7.104l5.803-3.558L0 4.697ZM6.761 8.83l-6.57 4.027A2 2 0 0 0 2 14h12a2 2 0 0 0 1.808-1.144l-6.57-4.027L8 9.586l-1.239-.757Zm3.436-.586L16 11.801V4.697l-5.803 3.546Z\"\/>\r\n                              <\/svg> <a href=\"mailto:nina.makipaa@sykli.fi\">nina.makipaa@sykli.fi<\/a><\/li>                                <\/ul>\r\n                            <\/div>\r\n                        <\/div>\r\n                    <\/div>\r\n                <\/div>\r\n    <\/div>\n\n<div class=\"page-linkbox-block alignfull\">\r\n    <div class=\"container\">\r\n        \r\n                <div class=\"acf-innerblocks-container\">\r\n\r\n                    \r\n\r\n                        <div class=\"page-linkbox \">\r\n\r\n                            <img loading=\"lazy\" decoding=\"async\" width=\"2560\" height=\"894\" src=\"https:\/\/sykli.fi\/demo\/wp-content\/uploads\/2023\/04\/kehittamishankkeet.png\" class=\"attachment-post-thumbnail size-post-thumbnail wp-post-image\" alt=\"K\u00e4det yhdess\u00e4.\" srcset=\"https:\/\/sykli.fi\/demo\/wp-content\/uploads\/2023\/04\/kehittamishankkeet.png 2560w, https:\/\/sykli.fi\/demo\/wp-content\/uploads\/2023\/04\/kehittamishankkeet-300x105.png 300w, https:\/\/sykli.fi\/demo\/wp-content\/uploads\/2023\/04\/kehittamishankkeet-1024x358.png 1024w, https:\/\/sykli.fi\/demo\/wp-content\/uploads\/2023\/04\/kehittamishankkeet-768x268.png 768w, https:\/\/sykli.fi\/demo\/wp-content\/uploads\/2023\/04\/kehittamishankkeet-1536x537.png 1536w, https:\/\/sykli.fi\/demo\/wp-content\/uploads\/2023\/04\/kehittamishankkeet-2048x715.png 2048w\" sizes=\"auto, (max-width: 2560px) 100vw, 2560px\" \/>                            <a  href=\" https:\/\/sykli.fi\/demo\/en\/impact-and-cooperation\/projects\/\" >\r\n                                <h2>Projects<\/h2>\r\n                            <\/a>\r\n\r\n\r\n                        <\/div>\r\n\r\n                    \r\n\r\n                        <div class=\"page-linkbox \">\r\n\r\n                            <img loading=\"lazy\" decoding=\"async\" width=\"2560\" height=\"1917\" src=\"https:\/\/sykli.fi\/demo\/wp-content\/uploads\/2023\/05\/shutterstock_212981179-scaled.jpg\" class=\"attachment-post-thumbnail size-post-thumbnail wp-post-image\" alt=\"K\u00e4ttely puunoksan kanssa.\" srcset=\"https:\/\/sykli.fi\/demo\/wp-content\/uploads\/2023\/05\/shutterstock_212981179-scaled.jpg 2560w, https:\/\/sykli.fi\/demo\/wp-content\/uploads\/2023\/05\/shutterstock_212981179-300x225.jpg 300w, https:\/\/sykli.fi\/demo\/wp-content\/uploads\/2023\/05\/shutterstock_212981179-1024x767.jpg 1024w, https:\/\/sykli.fi\/demo\/wp-content\/uploads\/2023\/05\/shutterstock_212981179-768x575.jpg 768w, https:\/\/sykli.fi\/demo\/wp-content\/uploads\/2023\/05\/shutterstock_212981179-1536x1150.jpg 1536w, https:\/\/sykli.fi\/demo\/wp-content\/uploads\/2023\/05\/shutterstock_212981179-2048x1533.jpg 2048w\" sizes=\"auto, (max-width: 2560px) 100vw, 2560px\" \/>                            <a  href=\" https:\/\/sykli.fi\/demo\/en\/impact-and-cooperation\/partnership\/\" >\r\n                                <h2>Partnership<\/h2>\r\n                            <\/a>\r\n\r\n\r\n                        <\/div>\r\n\r\n                                    <\/div>\r\n        <div class=\"acf-innerblocks-container\"><\/div>\r\n\r\n    <\/div>\r\n<\/div>","protected":false},"excerpt":{"rendered":"<p>Sykli&#8217;s mission is to promote sustainable work and society through education and knowledge dissemination. Our experts stay up-to-date with the [&hellip;]<\/p>\n","protected":false},"author":1,"featured_media":63680,"parent":0,"menu_order":56,"comment_status":"closed","ping_status":"closed","template":"template-parts\/page-with-no-sidebar.php","meta":{"_acf_changed":false,"footnotes":""},"class_list":["post-68223","page","type-page","status-publish","has-post-thumbnail","hentry"],"acf":[],"_links":{"self":[{"href":"https:\/\/sykli.fi\/demo\/en\/wp-json\/wp\/v2\/pages\/68223","targetHints":{"allow":["GET"]}}],"collection":[{"href":"https:\/\/sykli.fi\/demo\/en\/wp-json\/wp\/v2\/pages"}],"about":[{"href":"https:\/\/sykli.fi\/demo\/en\/wp-json\/wp\/v2\/types\/page"}],"author":[{"embeddable":true,"href":"https:\/\/sykli.fi\/demo\/en\/wp-json\/wp\/v2\/users\/1"}],"replies":[{"embeddable":true,"href":"https:\/\/sykli.fi\/demo\/en\/wp-json\/wp\/v2\/comments?post=68223"}],"version-history":[{"count":3,"href":"https:\/\/sykli.fi\/demo\/en\/wp-json\/wp\/v2\/pages\/68223\/revisions"}],"predecessor-version":[{"id":68583,"href":"https:\/\/sykli.fi\/demo\/en\/wp-json\/wp\/v2\/pages\/68223\/revisions\/68583"}],"wp:featuredmedia":[{"embeddable":true,"href":"https:\/\/sykli.fi\/demo\/en\/wp-json\/wp\/v2\/media\/63680"}],"wp:attachment":[{"href":"https:\/\/sykli.fi\/demo\/en\/wp-json\/wp\/v2\/media?parent=68223"}],"curies":[{"name":"wp","href":"https:\/\/api.w.org\/{rel}","templated":true}]}}