{"id":67972,"date":"2022-05-31T15:26:30","date_gmt":"2022-05-31T12:26:30","guid":{"rendered":"https:\/\/sykli.fi\/contact\/hallitus\/"},"modified":"2024-06-05T12:21:33","modified_gmt":"2024-06-05T09:21:33","slug":"board-of-sykli","status":"publish","type":"page","link":"https:\/\/sykli.fi\/demo\/en\/contact\/board-of-sykli\/","title":{"rendered":"Board of Sykli"},"content":{"rendered":"\r\n<section id=\"hero-block_3ff57d057028f3b3ec14b09fcc13f310\" class=\"hero site-banner section-default default alignfull\">\r\n\r\n    <div class=\"site-banner-bg section-bg-image \" >\r\n\r\n        <img loading=\"lazy\" decoding=\"async\" width=\"1920\" height=\"600\" src=\"https:\/\/sykli.fi\/demo\/wp-content\/uploads\/2022\/09\/johtaminen.jpg\" class=\"attachment-1536\u00d71536 size-1536\u00d71536\" alt=\"Ihmiset ly\u00f6v\u00e4t k\u00e4tt\u00e4 p\u00e4\u00e4lle yhteisty\u00f6n merkiksi.\" srcset=\"https:\/\/sykli.fi\/demo\/wp-content\/uploads\/2022\/09\/johtaminen.jpg 1920w, https:\/\/sykli.fi\/demo\/wp-content\/uploads\/2022\/09\/johtaminen-300x94.jpg 300w, https:\/\/sykli.fi\/demo\/wp-content\/uploads\/2022\/09\/johtaminen-1024x320.jpg 1024w, https:\/\/sykli.fi\/demo\/wp-content\/uploads\/2022\/09\/johtaminen-768x240.jpg 768w, https:\/\/sykli.fi\/demo\/wp-content\/uploads\/2022\/09\/johtaminen-1536x480.jpg 1536w\" sizes=\"auto, (max-width: 1920px) 100vw, 1920px\" \/>\r\n        \r\n        \r\n            <div class=\"site-banner-content container\">\r\n                <div class=\"row w-100\">\r\n                    <div class=\"col-md-12\">\r\n                        <div class=\"hero-text-overlay\">\r\n                                                                <h1 class=\"hero-title\">Board of Sykli<\/h1>\r\n                            <div class=\"inner-content\">\r\n                            <div class=\"acf-innerblocks-container\"><\/div>\r\n                        <\/div>                        <\/div>\r\n                    <\/div>\r\n                <\/div>\r\n            <\/div>\r\n\r\n        <\/section>\n\n\n<p>The Board of Sykli consists of Sykli&#8217;s owners. Hyria Foundation, Ty\u00f6tehoseura ry, Service Union United PAM, and Recycling Industries Finland ry are the owners of Sykli. Each owner has appointed their representatives to the Sykli Board, with Hyria and TTS each having two representatives, and PAM and Recycling Industries each having one representative.<\/p>\n\n\n\n<p><strong>Sykli Board 2022\u20132023<\/strong><\/p>\n\n\n\n<ul class=\"wp-block-list\">\n<li>Juha Ojala, Ty\u00f6tehoseura, Chairman of the Board<\/li>\n\n\n\n<li>Pekka Vaittinen, Hyria Foundation, Vice Chairman<\/li>\n\n\n\n<li>Maarit Tenkula, Ty\u00f6tehoseura<\/li>\n\n\n\n<li>Annika Kokko, Hyria Foundation<\/li>\n\n\n\n<li>Merja Vihersalo, Service Union United PAM<\/li>\n\n\n\n<li>Mia Nores, Recycling Industries Finland ry.<\/li>\n<\/ul>\n","protected":false},"excerpt":{"rendered":"<p>The Board of Sykli consists of Sykli&#8217;s owners. Hyria Foundation, Ty\u00f6tehoseura ry, Service Union United PAM, and Recycling Industries Finland [&hellip;]<\/p>\n","protected":false},"author":1,"featured_media":67339,"parent":67815,"menu_order":2,"comment_status":"closed","ping_status":"closed","template":"","meta":{"_acf_changed":false,"footnotes":""},"class_list":["post-67972","page","type-page","status-publish","has-post-thumbnail","hentry"],"acf":[],"_links":{"self":[{"href":"https:\/\/sykli.fi\/demo\/en\/wp-json\/wp\/v2\/pages\/67972","targetHints":{"allow":["GET"]}}],"collection":[{"href":"https:\/\/sykli.fi\/demo\/en\/wp-json\/wp\/v2\/pages"}],"about":[{"href":"https:\/\/sykli.fi\/demo\/en\/wp-json\/wp\/v2\/types\/page"}],"author":[{"embeddable":true,"href":"https:\/\/sykli.fi\/demo\/en\/wp-json\/wp\/v2\/users\/1"}],"replies":[{"embeddable":true,"href":"https:\/\/sykli.fi\/demo\/en\/wp-json\/wp\/v2\/comments?post=67972"}],"version-history":[{"count":2,"href":"https:\/\/sykli.fi\/demo\/en\/wp-json\/wp\/v2\/pages\/67972\/revisions"}],"predecessor-version":[{"id":68581,"href":"https:\/\/sykli.fi\/demo\/en\/wp-json\/wp\/v2\/pages\/67972\/revisions\/68581"}],"up":[{"embeddable":true,"href":"https:\/\/sykli.fi\/demo\/en\/wp-json\/wp\/v2\/pages\/67815"}],"wp:featuredmedia":[{"embeddable":true,"href":"https:\/\/sykli.fi\/demo\/en\/wp-json\/wp\/v2\/media\/67339"}],"wp:attachment":[{"href":"https:\/\/sykli.fi\/demo\/en\/wp-json\/wp\/v2\/media?parent=67972"}],"curies":[{"name":"wp","href":"https:\/\/api.w.org\/{rel}","templated":true}]}}