{"id":67815,"date":"2022-04-12T13:53:15","date_gmt":"2022-04-12T10:53:15","guid":{"rendered":"https:\/\/sykli.fi\/?page_id=67815"},"modified":"2024-06-05T12:19:47","modified_gmt":"2024-06-05T09:19:47","slug":"contact","status":"publish","type":"page","link":"https:\/\/sykli.fi\/demo\/en\/contact\/","title":{"rendered":"Contact"},"content":{"rendered":"\r\n<section id=\"hero-block_9babc5aa271d45b39c7cba210c543b32\" class=\"hero site-banner section-default default alignfull\">\r\n\r\n    <div class=\"site-banner-bg section-bg-image ob-position\" style=\"object-position: 50% 70%\" >\r\n\r\n        <img loading=\"lazy\" decoding=\"async\" width=\"1920\" height=\"1280\" src=\"https:\/\/sykli.fi\/demo\/wp-content\/uploads\/2022\/09\/sykli-etusivu-06-2019.jpg\" class=\"attachment-1536\u00d71536 size-1536\u00d71536\" alt=\"Vihreit\u00e4 lehti\u00e4 l\u00e4hikuvassa.\" srcset=\"https:\/\/sykli.fi\/demo\/wp-content\/uploads\/2022\/09\/sykli-etusivu-06-2019.jpg 1920w, https:\/\/sykli.fi\/demo\/wp-content\/uploads\/2022\/09\/sykli-etusivu-06-2019-300x200.jpg 300w, https:\/\/sykli.fi\/demo\/wp-content\/uploads\/2022\/09\/sykli-etusivu-06-2019-1024x683.jpg 1024w, https:\/\/sykli.fi\/demo\/wp-content\/uploads\/2022\/09\/sykli-etusivu-06-2019-768x512.jpg 768w, https:\/\/sykli.fi\/demo\/wp-content\/uploads\/2022\/09\/sykli-etusivu-06-2019-1536x1024.jpg 1536w\" sizes=\"auto, (max-width: 1920px) 100vw, 1920px\" \/>\r\n        \r\n        \r\n            <div class=\"site-banner-content container\">\r\n                <div class=\"row w-100\">\r\n                    <div class=\"col-md-12\">\r\n                        <div class=\"hero-text-overlay\">\r\n                                                                <h1 class=\"hero-title\">Contact us<\/h1>\r\n                            <div class=\"inner-content\">\r\n                            <div class=\"acf-innerblocks-container\">\n\n<p><\/p>\n\n<\/div>\r\n                        <\/div>                        <\/div>\r\n                    <\/div>\r\n                <\/div>\r\n            <\/div>\r\n\r\n        <\/section>\n\n\n<h1 class=\"wp-block-heading has-text-align-center\">Branches<\/h1>\n\n\n\n<div class=\"wp-block-columns is-layout-flex wp-container-core-columns-is-layout-9d6595d7 wp-block-columns-is-layout-flex\">\n<div class=\"wp-block-column is-layout-flow wp-block-column-is-layout-flow\">\n<h2 class=\"wp-block-heading\">Helsinki<\/h2>\n\n\n\n<p><strong>SYKLI Environmental College<\/strong><br>Esterinportti 1, 3rd floor 00240 Helsinki,<br>Finland<\/p>\n\n\n\n<p><strong>Mailing address<\/strong><\/p>\n\n\n\n<p>SYKLI Environmental College<br>P.O. Box 72 11101 Riihim\u00e4ki<br>Finland<\/p>\n\n\n\n<p><strong>Info phone<\/strong>: +358 50 529 6428<\/p>\n\n\n\n<h5 class=\"wp-block-heading\">Arrival Instructions for the Helsinki Office<\/h5>\n\n\n\n<p>If you arrive by train, Pasila railway station is your stop. All local and long-distance trains stop there. Esterinportti is only a 5-minute walk (about 400 meters) from Pasila railway station. Arrival by bus is also convenient, as several bus lines, including Joker lines 500 and 510, as well as tram line 2 and 7, stop at Palkkatilanportti.<br><br>If you arrive by bike, there is a publicly accessible bike park in the nearby Mall of Tripla shopping center. See directions to the Mall of Tripla parking here.<br><br>If you arrive by car, there is paid parking in front of the building (Zone 2, time limit 4 hours). Additionally, nearby are the Palkkatilanportti (Palkkatilankatu 2) and Maistraatintori parking halls (\u20ac2\/starting hour, \u20ac17\/day, payment by credit card or Moovy app). Free parking for the first hour is available in the Tripla shopping center parking hall.<br><br>Upon reaching the door of Esterinportti, confidently press the intercom and take the elevator to the third floor. There, an inspiring learning and collaboration environment awaits you at SYKLI.<\/p>\n\n\n\n<h5 class=\"wp-block-heading\">Accessibility<\/h5>\n\n\n\n<p><strong>Dimensions of doors, elevators, and WC<\/strong> at Esterinportti 1:<\/p>\n\n\n\n<ul class=\"wp-block-list\">\n<li>Entrance, stairs, and ramp, automatic door with a 2 cm threshold, width 90 cm<\/li>\n\n\n\n<li>Width of the personnel elevator door opening is 80 cm.<\/li>\n\n\n\n<li>Accessible WC is in the entrance lobby. Width of WC door opening is 90 cm.<\/li>\n\n\n\n<li>In SYKLI&#8217;s premises (3rd floor), the width of the WC door opening is 70 cm.<\/li>\n<\/ul>\n<\/div>\n\n\n\n<div class=\"wp-block-column is-layout-flow wp-block-column-is-layout-flow\">\n<h2 class=\"wp-block-heading\">Riihim\u00e4ki<\/h2>\n\n\n\n<p><strong>SYKLI Environmental College<\/strong><br>Kaartokatu 2<br>11100 Riihim\u00e4ki<br>Finland<br><br>(in the same building as H\u00e4me University of Applied Sciences (HAMK))<br><br><strong>Info phone<\/strong>: +358 50 529 6428<\/p>\n\n\n\n<h5 class=\"wp-block-heading\">Arrival Instructions for the Riihim\u00e4ki Office<\/h5>\n\n\n\n<p>Sykli&#8217;s office and other facilities are located on the 1st floor of H\u00e4me University of Applied Sciences (HAMK) building. The easiest way to reach the Riihim\u00e4ki office is by train. From the railway station, there is approximately a 15-minute, 1.3 km walk to Kaartokatu. For those arriving by car, there are some free, unrestricted parking spaces available in HAMK&#8217;s yard.<\/p>\n\n\n\n<figure class=\"wp-block-image size-full is-resized\"><img loading=\"lazy\" decoding=\"async\" src=\"https:\/\/sykli.fi\/demo\/\/wp-content\/uploads\/2023\/04\/saapumisohje-riihimaki-350x251-1.jpg\" alt=\"\" class=\"wp-image-63523\" width=\"398\" height=\"285\" srcset=\"https:\/\/sykli.fi\/demo\/wp-content\/uploads\/2023\/04\/saapumisohje-riihimaki-350x251-1.jpg 350w, https:\/\/sykli.fi\/demo\/wp-content\/uploads\/2023\/04\/saapumisohje-riihimaki-350x251-1-300x215.jpg 300w\" sizes=\"auto, (max-width: 398px) 100vw, 398px\" \/><\/figure>\n\n\n\n<h5 class=\"wp-block-heading\">Accessibility<\/h5>\n\n\n\n<p>The training facilities in Riihim\u00e4ki are accessible.<\/p>\n<\/div>\n<\/div>\n\n\n\n<p><strong><strong>Welcome to Scent-Free Sykli!<\/strong><\/strong><\/p>\n\n\n\n<p>We encourage everyone to be scent-free to promote a healthy work and study environment. Everyone can contribute by minimising the use of strong fragrances. Thank you for coming fragrance-free, as Sykli is a scent-free workplace and study environment!<\/p>\n\n\n\n<p>Read more about accessibility and inclusivity at Sykli<\/p>\n\n\n\n<hr class=\"wp-block-separator has-alpha-channel-opacity is-style-wide\"\/>\n\n\n\n<h2 class=\"wp-block-heading has-text-align-center\">Submit Feedback<\/h2>\n\n\n\n<p>Please fill out the form below to provide feedback.<br><br>You can also provide anonymous feedback through the reporting channel regarding the activities of the Finnish Environment Institute Sykli, concerning misconduct, unethical behaviour, or harassment.\u00a0<br><br>The reporting channel is not intended for customer feedback or complaints; please use the feedback form below for that purpose, thank you.<\/p>\n\n\n<script>\nvar gform;gform||(document.addEventListener(\"gform_main_scripts_loaded\",function(){gform.scriptsLoaded=!0}),document.addEventListener(\"gform\/theme\/scripts_loaded\",function(){gform.themeScriptsLoaded=!0}),window.addEventListener(\"DOMContentLoaded\",function(){gform.domLoaded=!0}),gform={domLoaded:!1,scriptsLoaded:!1,themeScriptsLoaded:!1,isFormEditor:()=>\"function\"==typeof InitializeEditor,callIfLoaded:function(o){return!(!gform.domLoaded||!gform.scriptsLoaded||!gform.themeScriptsLoaded&&!gform.isFormEditor()||(gform.isFormEditor()&&console.warn(\"The use of gform.initializeOnLoaded() is deprecated in the form editor context and will be removed in Gravity Forms 3.1.\"),o(),0))},initializeOnLoaded:function(o){gform.callIfLoaded(o)||(document.addEventListener(\"gform_main_scripts_loaded\",()=>{gform.scriptsLoaded=!0,gform.callIfLoaded(o)}),document.addEventListener(\"gform\/theme\/scripts_loaded\",()=>{gform.themeScriptsLoaded=!0,gform.callIfLoaded(o)}),window.addEventListener(\"DOMContentLoaded\",()=>{gform.domLoaded=!0,gform.callIfLoaded(o)}))},hooks:{action:{},filter:{}},addAction:function(o,r,e,t){gform.addHook(\"action\",o,r,e,t)},addFilter:function(o,r,e,t){gform.addHook(\"filter\",o,r,e,t)},doAction:function(o){gform.doHook(\"action\",o,arguments)},applyFilters:function(o){return gform.doHook(\"filter\",o,arguments)},removeAction:function(o,r){gform.removeHook(\"action\",o,r)},removeFilter:function(o,r,e){gform.removeHook(\"filter\",o,r,e)},addHook:function(o,r,e,t,n){null==gform.hooks[o][r]&&(gform.hooks[o][r]=[]);var d=gform.hooks[o][r];null==n&&(n=r+\"_\"+d.length),gform.hooks[o][r].push({tag:n,callable:e,priority:t=null==t?10:t})},doHook:function(r,o,e){var t;if(e=Array.prototype.slice.call(e,1),null!=gform.hooks[r][o]&&((o=gform.hooks[r][o]).sort(function(o,r){return o.priority-r.priority}),o.forEach(function(o){\"function\"!=typeof(t=o.callable)&&(t=window[t]),\"action\"==r?t.apply(null,e):e[0]=t.apply(null,e)})),\"filter\"==r)return e[0]},removeHook:function(o,r,t,n){var e;null!=gform.hooks[o][r]&&(e=(e=gform.hooks[o][r]).filter(function(o,r,e){return!!(null!=n&&n!=o.tag||null!=t&&t!=o.priority)}),gform.hooks[o][r]=e)}});\n<\/script>\n\n                <div class='gf_browser_gecko gform_wrapper gravity-theme gform-theme--no-framework' data-form-theme='gravity-theme' data-form-index='0' id='gform_wrapper_1' >\n                        <div class='gform_heading'>\n\t\t\t\t\t\t\t<p class='gform_required_legend'>(<span class=\"gfield_required gfield_required_asterisk\">*<\/span>) n\u00e4ytt\u00e4\u00e4 pakolliset kent\u00e4t<\/p>\n                        <\/div><form method='post' enctype='multipart\/form-data'  id='gform_1'  action='\/demo\/en\/wp-json\/wp\/v2\/pages\/67815' data-formid='1' novalidate>\n                        <div class='gform-body gform_body'><div id='gform_fields_1' class='gform_fields top_label form_sublabel_below description_below validation_below'><div id=\"field_1_10\" class=\"gfield gfield--type-honeypot gform_validation_container field_sublabel_below gfield--has-description field_description_below field_validation_below gfield_visibility_visible\"  ><label class='form-label gfield_label gform-field-label' for='input_1_10'>URL<\/label><div class='ginput_container'><input name='input_10' id='input_1_10' type='text' value='' autocomplete='new-password'\/><\/div><div class='small text-muted gfield_description' id='gfield_description_1_10'>This field is for validation purposes and should be left unchanged.<\/div><\/div><div id=\"field_1_4\" class=\"gfield gfield--type-textarea gfield--input-type-textarea gfield--width-full gfield_contains_required field_sublabel_below gfield--has-description field_description_above field_validation_below gfield_visibility_visible\"  ><label class='form-label gfield_label gform-field-label' for='input_1_4'>Feedback<span class=\"gfield_required\"><span class=\"gfield_required gfield_required_asterisk\">*<\/span><\/span><\/label><div class='small text-muted gfield_description' id='gfield_description_1_4'>Write your message here&#8230;<\/div><div class='ginput_container ginput_container_textarea'><textarea name='input_4' id='input_1_4' class='form-control form-control-lg textarea'  aria-describedby=\"gfield_description_1_4\"   aria-required=\"true\" aria-invalid=\"false\"   rows='4' cols='50'><\/textarea><\/div><\/div><fieldset id=\"field_1_8\" class=\"gfield gfield--type-radio gfield--type-choice gfield--input-type-radio gfield--width-full field_sublabel_below gfield--no-description field_description_below field_validation_below gfield_visibility_visible\"  ><legend class='form-label gfield_label gform-field-label' >I want to be contacted<\/legend><div class='ginput_container ginput_container_radio'><div class='gfield_radio' id='input_1_8'>\n\t\t\t<div class='gchoice form-check gchoice_1_8_0'>\n\t\t\t\t\t<input class='form-check-input gfield-choice-input'' name='input_8' type='radio' value='Yes' checked='checked' id='choice_1_8_0' onchange='gformToggleRadioOther( this )'    \/>\n\t\t\t\t\t<label for='choice_1_8_0' id='label_1_8_0' class='gform-field-label gform-field-label--type-inline'>Yes<\/label>\n\t\t\t<\/div>\n\t\t\t<div class='gchoice form-check gchoice_1_8_1'>\n\t\t\t\t\t<input class='form-check-input gfield-choice-input'' name='input_8' type='radio' value='No'  id='choice_1_8_1' onchange='gformToggleRadioOther( this )'    \/>\n\t\t\t\t\t<label for='choice_1_8_1' id='label_1_8_1' class='gform-field-label gform-field-label--type-inline'>No<\/label>\n\t\t\t<\/div><\/div><\/div><\/fieldset><fieldset id=\"field_1_7\" class=\"gfield gfield--type-name gfield--input-type-name gfield--width-full gfield_contains_required field_sublabel_below gfield--no-description field_description_below field_validation_below gfield_visibility_visible\"  ><legend class='form-label gfield_label gform-field-label form-label gfield_label_before_complex' >Name<span class=\"gfield_required\"><span class=\"gfield_required gfield_required_asterisk\">*<\/span><\/span><\/legend><div class='row g-2 ginput_complex ginput_container ginput_container--name no_prefix has_first_name no_middle_name has_last_name no_suffix gf_name_has_2 ginput_container_name gform-grid-row' id='input_1_7'>\n                            \n                            <span id='input_1_7_3_container' class='col name_first gform-grid-col gform-grid-col--size-auto' >\n                                                    <input type='text' class='form-control' name='input_7.3' id='input_1_7_3' value=''   aria-required='true'     \/>\n                                                    <label class='small text-muted' for='input_1_7_3' class='gform-field-label gform-field-label--type-sub '>First<\/label>\n                                                <\/span>\n                            \n                            <span id='input_1_7_6_container' class='col name_last gform-grid-col gform-grid-col--size-auto' >\n                                                    <input type='text' class='form-control' name='input_7.6' id='input_1_7_6' value=''   aria-required='true'     \/>\n                                                    <label class='small text-muted' for='input_1_7_6' class='gform-field-label gform-field-label--type-sub '>Last<\/label>\n                                                <\/span>\n                            \n                        <\/div><\/fieldset><div id=\"field_1_3\" class=\"gfield gfield--type-text gfield--input-type-text gfield--width-full gfield--width-half gfield_contains_required field_sublabel_below gfield--no-description field_description_below field_validation_below gfield_visibility_visible\"  ><label class='form-label gfield_label gform-field-label' for='input_1_3'>Phone<span class=\"gfield_required\"><span class=\"gfield_required gfield_required_asterisk\">*<\/span><\/span><\/label><div class='ginput_container ginput_container_text'><input name='input_3' id='input_1_3' type='text' value='' class='form-control form-control-lg'     aria-required=\"true\" aria-invalid=\"false\"   \/><\/div><\/div><div id=\"field_1_6\" class=\"gfield gfield--type-text gfield--input-type-text gfield--width-full gfield--width-half gfield_contains_required field_sublabel_below gfield--no-description field_description_below field_validation_below gfield_visibility_visible\"  ><label class='form-label gfield_label gform-field-label' for='input_1_6'>E-mail<span class=\"gfield_required\"><span class=\"gfield_required gfield_required_asterisk\">*<\/span><\/span><\/label><div class='ginput_container ginput_container_text'><input name='input_6' id='input_1_6' type='text' value='' class='form-control form-control-lg'     aria-required=\"true\" aria-invalid=\"false\"   \/><\/div><\/div><div id=\"field_1_9\" class=\"gfield gfield--type-captcha gfield--input-type-captcha gfield--width-full field_sublabel_below gfield--no-description field_description_below hidden_label field_validation_below gfield_visibility_visible\"  ><label class='form-label gfield_label gform-field-label' for='input_1_9'>CAPTCHA<\/label><div id='input_1_9' class='ginput_container ginput_recaptcha' data-sitekey='6LdjhdQpAAAAABVdnKyFovApFFFC-h0H0fXsoQw8'  data-theme='light' data-tabindex='-1' data-size='invisible' data-badge='bottomright'><\/div><\/div><\/div><\/div>\n        <div class='gform-footer gform_footer top_label'> <input type='submit' id='gform_submit_button_1' class='gform_button btn btn-primary button' onclick='gform.submission.handleButtonClick(this);' data-submission-type='submit' value='Submit'  \/> \n            <input type='hidden' class='gform_hidden' name='gform_submission_method' data-js='gform_submission_method_1' value='postback' \/>\n            <input type='hidden' class='gform_hidden' name='gform_theme' data-js='gform_theme_1' id='gform_theme_1' value='gravity-theme' \/>\n            <input type='hidden' class='gform_hidden' name='gform_style_settings' data-js='gform_style_settings_1' id='gform_style_settings_1' value='{&quot;inputPrimaryColor&quot;:&quot;#204ce5&quot;}' \/>\n            <input type='hidden' class='gform_hidden' name='is_submit_1' value='1' \/>\n            <input type='hidden' class='gform_hidden' name='gform_submit' value='1' \/>\n            \n            <input type='hidden' class='gform_hidden' name='gform_currency' data-currency='EUR' value='uhufvjSyMUlYh26u4LYnSZfefOR9VPwR+VowkG1prWV\/h4hVBU7ux+iifpzOWMKtVts74uD+fJGUY+glAnvhJgPppN20oFfnvZX6xVJuzSdBswI=' \/>\n            <input type='hidden' class='gform_hidden' name='gform_unique_id' value='' \/>\n            <input type='hidden' class='gform_hidden' name='state_1' value='WyJ7XCI4XCI6W1wiMmMwZWQwNGU2ODIyMWUxZGVlZmQ2Mzk2Mjg5NTk4ZGFcIixcIjljNmFlNDZkYzcxMjUzYmRkNTlhMDY3NjRhZTAwYjQ1XCJdfSIsIjk1M2MyYjAyNDgyNTM1YjJmZGE0NzljM2FhYWM5ZTQ0Il0=' \/>\n            <input type='hidden' autocomplete='off' class='gform_hidden' name='gform_target_page_number_1' id='gform_target_page_number_1' value='0' \/>\n            <input type='hidden' autocomplete='off' class='gform_hidden' name='gform_source_page_number_1' id='gform_source_page_number_1' value='1' \/>\n            <input type='hidden' name='gform_field_values' value='' \/>\n            \n        <\/div>\n                        <\/form>\n                        <\/div><script>\ngform.initializeOnLoaded( function() {gformInitSpinner( 1, 'data:image\/gif;base64,R0lGODlhAQABAIAAAAAAAP\/\/\/yH5BAEAAAAALAAAAAABAAEAAAIBRAA7', true );jQuery('#gform_ajax_frame_1').on('load',function(){var contents = jQuery(this).contents().find('*').html();var is_postback = contents.indexOf('GF_AJAX_POSTBACK') >= 0;if(!is_postback){return;}var form_content = jQuery(this).contents().find('#gform_wrapper_1');var is_confirmation = jQuery(this).contents().find('#gform_confirmation_wrapper_1').length > 0;var is_redirect = contents.indexOf('gformRedirect(){') >= 0;var is_form = form_content.length > 0 && ! is_redirect && ! is_confirmation;var mt = parseInt(jQuery('html').css('margin-top'), 10) + parseInt(jQuery('body').css('margin-top'), 10) + 100;if(is_form){jQuery('#gform_wrapper_1').html(form_content.html());if(form_content.hasClass('gform_validation_error')){jQuery('#gform_wrapper_1').addClass('gform_validation_error');} else {jQuery('#gform_wrapper_1').removeClass('gform_validation_error');}setTimeout( function() { \/* delay the scroll by 50 milliseconds to fix a bug in chrome *\/  }, 50 );if(window['gformInitDatepicker']) {gformInitDatepicker();}if(window['gformInitPriceFields']) {gformInitPriceFields();}var current_page = jQuery('#gform_source_page_number_1').val();gformInitSpinner( 1, 'data:image\/gif;base64,R0lGODlhAQABAIAAAAAAAP\/\/\/yH5BAEAAAAALAAAAAABAAEAAAIBRAA7', true );jQuery(document).trigger('gform_page_loaded', [1, current_page]);window['gf_submitting_1'] = false;}else if(!is_redirect){var confirmation_content = jQuery(this).contents().find('.GF_AJAX_POSTBACK').html();if(!confirmation_content){confirmation_content = contents;}jQuery('#gform_wrapper_1').replaceWith(confirmation_content);jQuery(document).trigger('gform_confirmation_loaded', [1]);window['gf_submitting_1'] = false;wp.a11y.speak(jQuery('#gform_confirmation_message_1').text());}else{jQuery('#gform_1').append(contents);if(window['gformRedirect']) {gformRedirect();}}jQuery(document).trigger(\"gform_pre_post_render\", [{ formId: \"1\", currentPage: \"current_page\", abort: function() { this.preventDefault(); } }]);        if (event && event.defaultPrevented) {                return;        }        const gformWrapperDiv = document.getElementById( \"gform_wrapper_1\" );        if ( gformWrapperDiv ) {            const visibilitySpan = document.createElement( \"span\" );            visibilitySpan.id = \"gform_visibility_test_1\";            gformWrapperDiv.insertAdjacentElement( \"afterend\", visibilitySpan );        }        const visibilityTestDiv = document.getElementById( \"gform_visibility_test_1\" );        let postRenderFired = false;        function triggerPostRender() {            if ( postRenderFired ) {                return;            }            postRenderFired = true;            gform.core.triggerPostRenderEvents( 1, current_page );            if ( visibilityTestDiv ) {                visibilityTestDiv.parentNode.removeChild( visibilityTestDiv );            }        }        function debounce( func, wait, immediate ) {            var timeout;            return function() {                var context = this, args = arguments;                var later = function() {                    timeout = null;                    if ( !immediate ) func.apply( context, args );                };                var callNow = immediate && !timeout;                clearTimeout( timeout );                timeout = setTimeout( later, wait );                if ( callNow ) func.apply( context, args );            };        }        const debouncedTriggerPostRender = debounce( function() {            triggerPostRender();        }, 200 );        if ( visibilityTestDiv && visibilityTestDiv.offsetParent === null ) {            const observer = new MutationObserver( ( mutations ) => {                mutations.forEach( ( mutation ) => {                    if ( mutation.type === 'attributes' && visibilityTestDiv.offsetParent !== null ) {                        debouncedTriggerPostRender();                        observer.disconnect();                    }                });            });            observer.observe( document.body, {                attributes: true,                childList: false,                subtree: true,                attributeFilter: [ 'style', 'class' ],            });        } else {            triggerPostRender();        }    } );} );\n<\/script>\n","protected":false},"excerpt":{"rendered":"<p>Branches Helsinki SYKLI Environmental CollegeEsterinportti 1, 3rd floor 00240 Helsinki,Finland Mailing address SYKLI Environmental CollegeP.O. Box 72 11101 Riihim\u00e4kiFinland Info [&hellip;]<\/p>\n","protected":false},"author":1,"featured_media":67335,"parent":0,"menu_order":69,"comment_status":"closed","ping_status":"closed","template":"","meta":{"_acf_changed":false,"footnotes":""},"class_list":["post-67815","page","type-page","status-publish","has-post-thumbnail","hentry"],"acf":[],"_links":{"self":[{"href":"https:\/\/sykli.fi\/demo\/en\/wp-json\/wp\/v2\/pages\/67815","targetHints":{"allow":["GET"]}}],"collection":[{"href":"https:\/\/sykli.fi\/demo\/en\/wp-json\/wp\/v2\/pages"}],"about":[{"href":"https:\/\/sykli.fi\/demo\/en\/wp-json\/wp\/v2\/types\/page"}],"author":[{"embeddable":true,"href":"https:\/\/sykli.fi\/demo\/en\/wp-json\/wp\/v2\/users\/1"}],"replies":[{"embeddable":true,"href":"https:\/\/sykli.fi\/demo\/en\/wp-json\/wp\/v2\/comments?post=67815"}],"version-history":[{"count":9,"href":"https:\/\/sykli.fi\/demo\/en\/wp-json\/wp\/v2\/pages\/67815\/revisions"}],"predecessor-version":[{"id":68579,"href":"https:\/\/sykli.fi\/demo\/en\/wp-json\/wp\/v2\/pages\/67815\/revisions\/68579"}],"wp:featuredmedia":[{"embeddable":true,"href":"https:\/\/sykli.fi\/demo\/en\/wp-json\/wp\/v2\/media\/67335"}],"wp:attachment":[{"href":"https:\/\/sykli.fi\/demo\/en\/wp-json\/wp\/v2\/media?parent=67815"}],"curies":[{"name":"wp","href":"https:\/\/api.w.org\/{rel}","templated":true}]}}